{"id":1383,"date":"2023-09-06T22:23:52","date_gmt":"2023-09-06T22:23:52","guid":{"rendered":"https:\/\/ertlifetinyhouse.com\/?page_id=1383"},"modified":"2025-07-12T08:29:26","modified_gmt":"2025-07-12T08:29:26","slug":"hakkimizda","status":"publish","type":"page","link":"https:\/\/ertlifetinyhouse.com\/en\/hakkimizda\/","title":{"rendered":"About Us"},"content":{"rendered":"<section class=\"wpb-content-wrapper\"><p>[vc_row][vc_column][vc_column_text]<span style=\"color: #000000;\"><strong>Ert Life<\/strong> has stepped into the industry as a design, project, and implementation company in the fields of architecture and interior architecture, and has quickly become one of the leading brands in Tiny House production. With a brand that has a production and exhibition area of 10,000 m\u00b2, we aim to be the largest architect of minimal living in Turkey. Furthermore, Ert Life is one of the rare brands that produce their own carrier trailers with an O2 type approval certificate.<\/span><\/p>\n<p><span style=\"color: #000000;\">In line with its goals, Ert Life carries out its service activities to meet the supply and demand of the sector with a professional team, state-of-the-art equipment, and R&#038;D studies, aiming to adapt to evolving living standards. With its units, it has adopted a work principle focused on providing solution-oriented services to its customers and increasing this satisfaction day by day.<\/span><\/p>\n<p><span style=\"color: #000000;\">Our company, Ert Life, will continue to exist in the sector to provide professional, long-lasting, high-quality, and economical solutions for consumers, in line with its Mission and Vision.<\/span>[\/vc_column_text][\/vc_column][vc_column][vc_empty_space height=&#8221;10&#8243;][vc_text_separator title=&#8221;WHY ERT LIFE Tiny House?&#8221; color=&#8221;orange&#8221;][vc_empty_space height=&#8221;10&#8243;][\/vc_column][vc_column width=&#8221;1\/4&#8243;][vc_single_image image=&#8221;1387&#8243; img_size=&#8221;full&#8221; alignment=&#8221;center&#8221;][vc_column_text]<span style=\"color: #000000;\">High-Quality, Long-Lasting, and Economical Solutions in Tiny House Projects<\/span>[\/vc_column_text][\/vc_column][vc_column width=&#8221;1\/4&#8243;][vc_single_image image=&#8221;1389&#8243; img_size=&#8221;full&#8221; alignment=&#8221;center&#8221;][vc_column_text]<span style=\"color: #000000;\">On-Time Delivery with Planned and Programmed Work in the Design Process<\/span>[\/vc_column_text][\/vc_column][vc_column width=&#8221;1\/4&#8243;][vc_single_image image=&#8221;1388&#8243; img_size=&#8221;full&#8221; alignment=&#8221;center&#8221;][vc_column_text]<span style=\"color: #000000;\">With developable Tiny House projects, there is the opportunity to integrate Current Technology projects<\/span>[\/vc_column_text][\/vc_column][vc_column width=&#8221;1\/4&#8243;][vc_single_image image=&#8221;1386&#8243; img_size=&#8221;full&#8221; alignment=&#8221;center&#8221;][vc_column_text]<span style=\"color: #000000;\">R&#038;D Studies Keeping Up with the Evolving Technology in Tiny House Projects.<\/span>[\/vc_column_text][\/vc_column][vc_column][vc_empty_space height=&#8221;10&#8243;][vc_text_separator title=&#8221;Certificates&#8221; color=&#8221;orange&#8221;][vc_empty_space height=&#8221;10&#8243;][\/vc_column][vc_column width=&#8221;1\/3&#8243;][vc_single_image image=&#8221;1586&#8243; img_size=&#8221;full&#8221; onclick=&#8221;link_image&#8221;][vc_empty_space height=&#8221;10&#8243;][\/vc_column][vc_column width=&#8221;1\/3&#8243;][vc_single_image image=&#8221;1585&#8243; img_size=&#8221;full&#8221; onclick=&#8221;link_image&#8221;][vc_empty_space height=&#8221;10&#8243;][\/vc_column][vc_column width=&#8221;1\/3&#8243;][\/vc_column][vc_column][vc_empty_space height=&#8221;10&#8243;][\/vc_column][vc_column width=&#8221;1\/3&#8243;][vc_single_image image=&#8221;1584&#8243; img_size=&#8221;full&#8221; onclick=&#8221;link_image&#8221;][\/vc_column][vc_column width=&#8221;1\/3&#8243;][vc_single_image image=&#8221;1583&#8243; img_size=&#8221;full&#8221; onclick=&#8221;link_image&#8221;][\/vc_column][vc_column width=&#8221;1\/3&#8243;][\/vc_column][\/vc_row]<\/p>\n<\/section>","protected":false},"excerpt":{"rendered":"<p>[vc_row][vc_column][vc_column_text]Ert Life has stepped into the industry as a design, project, and implementation company in the fields of architecture and interior architecture, and has quickly become one of the leading brands in Tiny House production. With a brand that has a production and exhibition area of 10,000 m\u00b2, we aim to be the largest architect [&hellip;]<\/p>\n","protected":false},"author":1,"featured_media":0,"parent":0,"menu_order":0,"comment_status":"closed","ping_status":"closed","template":"","meta":{"footnotes":""},"class_list":["post-1383","page","type-page","status-publish","hentry"],"yoast_head":"<!-- This site is optimized with the Yoast SEO plugin v26.4 - https:\/\/yoast.com\/wordpress\/plugins\/seo\/ -->\n<title>About Us - Ert Life Tiny House \u0130malat<\/title>\n<meta name=\"robots\" content=\"index, follow, max-snippet:-1, max-image-preview:large, max-video-preview:-1\" \/>\n<link rel=\"canonical\" href=\"https:\/\/ertlifetinyhouse.com\/hakkimizda\/\" \/>\n<meta property=\"og:locale\" content=\"en_US\" \/>\n<meta property=\"og:type\" content=\"article\" \/>\n<meta property=\"og:title\" content=\"About Us\" \/>\n<meta property=\"og:description\" content=\"[vc_row][vc_column][vc_column_text]Ert Life has stepped into the industry as a design, project, and implementation company in the fields of architecture and interior architecture, and has quickly become one of the leading brands in Tiny House production. With a brand that has a production and exhibition area of 10,000 m\u00b2, we aim to be the largest architect [&hellip;]\" \/>\n<meta property=\"og:url\" content=\"https:\/\/ertlifetinyhouse.com\/hakkimizda\/\" \/>\n<meta property=\"og:site_name\" content=\"Ert Life Tiny House \u0130malat\" \/>\n<meta property=\"article:modified_time\" content=\"2025-07-12T08:29:26+00:00\" \/>\n<meta name=\"twitter:card\" content=\"summary_large_image\" \/>\n<meta name=\"twitter:label1\" content=\"Est. reading time\" \/>\n\t<meta name=\"twitter:data1\" content=\"5 minutes\" \/>\n<script type=\"application\/ld+json\" class=\"yoast-schema-graph\">{\"@context\":\"https:\/\/schema.org\",\"@graph\":[{\"@type\":\"WebPage\",\"@id\":\"https:\/\/ertlifetinyhouse.com\/hakkimizda\/\",\"url\":\"https:\/\/ertlifetinyhouse.com\/hakkimizda\/\",\"name\":\"[:tr]Hakk\u0131m\u0131zda[:en]About Us[:] - Ert Life Tiny House \u0130malat\",\"isPartOf\":{\"@id\":\"https:\/\/ertlifetinyhouse.com\/#website\"},\"datePublished\":\"2023-09-06T22:23:52+00:00\",\"dateModified\":\"2025-07-12T08:29:26+00:00\",\"breadcrumb\":{\"@id\":\"https:\/\/ertlifetinyhouse.com\/hakkimizda\/#breadcrumb\"},\"inLanguage\":\"en-US\",\"potentialAction\":[{\"@type\":\"ReadAction\",\"target\":[\"https:\/\/ertlifetinyhouse.com\/hakkimizda\/\"]}]},{\"@type\":\"BreadcrumbList\",\"@id\":\"https:\/\/ertlifetinyhouse.com\/hakkimizda\/#breadcrumb\",\"itemListElement\":[{\"@type\":\"ListItem\",\"position\":1,\"name\":\"Anasayfa\",\"item\":\"https:\/\/ertlifetinyhouse.com\/\"},{\"@type\":\"ListItem\",\"position\":2,\"name\":\"Hakk\u0131m\u0131zda\"}]},{\"@type\":\"WebSite\",\"@id\":\"https:\/\/ertlifetinyhouse.com\/#website\",\"url\":\"https:\/\/ertlifetinyhouse.com\/\",\"name\":\"Ert Life Tiny House \u0130malat\",\"description\":\"Tiny House K\u00fc\u00e7\u00fck Ev \u0130malat Sat\u0131\u015f\",\"publisher\":{\"@id\":\"https:\/\/ertlifetinyhouse.com\/#organization\"},\"potentialAction\":[{\"@type\":\"SearchAction\",\"target\":{\"@type\":\"EntryPoint\",\"urlTemplate\":\"https:\/\/ertlifetinyhouse.com\/?s={search_term_string}\"},\"query-input\":{\"@type\":\"PropertyValueSpecification\",\"valueRequired\":true,\"valueName\":\"search_term_string\"}}],\"inLanguage\":\"en-US\"},{\"@type\":\"Organization\",\"@id\":\"https:\/\/ertlifetinyhouse.com\/#organization\",\"name\":\"Ert Life Tiny House \u0130malat\",\"url\":\"https:\/\/ertlifetinyhouse.com\/\",\"logo\":{\"@type\":\"ImageObject\",\"inLanguage\":\"en-US\",\"@id\":\"https:\/\/ertlifetinyhouse.com\/#\/schema\/logo\/image\/\",\"url\":\"https:\/\/ertlifetinyhouse.com\/wp-content\/uploads\/2023\/09\/ert-life-tiny-house-logo.png\",\"contentUrl\":\"https:\/\/ertlifetinyhouse.com\/wp-content\/uploads\/2023\/09\/ert-life-tiny-house-logo.png\",\"width\":211,\"height\":51,\"caption\":\"Ert Life Tiny House \u0130malat\"},\"image\":{\"@id\":\"https:\/\/ertlifetinyhouse.com\/#\/schema\/logo\/image\/\"},\"sameAs\":[\"https:\/\/www.instagram.com\/ertlifetinyhouse\/\"]}]}<\/script>\n<!-- \/ Yoast SEO plugin. -->","yoast_head_json":{"title":"About Us - Ert Life Tiny House \u0130malat","robots":{"index":"index","follow":"follow","max-snippet":"max-snippet:-1","max-image-preview":"max-image-preview:large","max-video-preview":"max-video-preview:-1"},"canonical":"https:\/\/ertlifetinyhouse.com\/hakkimizda\/","og_locale":"en_US","og_type":"article","og_title":"[:tr]Hakk\u0131m\u0131zda[:en]About Us[:] - Ert Life Tiny House \u0130malat","og_description":"[vc_row][vc_column][vc_column_text]Ert Life has stepped into the industry as a design, project, and implementation company in the fields of architecture and interior architecture, and has quickly become one of the leading brands in Tiny House production. With a brand that has a production and exhibition area of 10,000 m\u00b2, we aim to be the largest architect [&hellip;]","og_url":"https:\/\/ertlifetinyhouse.com\/hakkimizda\/","og_site_name":"Ert Life Tiny House \u0130malat","article_modified_time":"2025-07-12T08:29:26+00:00","twitter_card":"summary_large_image","twitter_misc":{"Est. reading time":"5 minutes"},"schema":{"@context":"https:\/\/schema.org","@graph":[{"@type":"WebPage","@id":"https:\/\/ertlifetinyhouse.com\/hakkimizda\/","url":"https:\/\/ertlifetinyhouse.com\/hakkimizda\/","name":"[:tr]Hakk\u0131m\u0131zda[:en]About Us[:] - Ert Life Tiny House \u0130malat","isPartOf":{"@id":"https:\/\/ertlifetinyhouse.com\/#website"},"datePublished":"2023-09-06T22:23:52+00:00","dateModified":"2025-07-12T08:29:26+00:00","breadcrumb":{"@id":"https:\/\/ertlifetinyhouse.com\/hakkimizda\/#breadcrumb"},"inLanguage":"en-US","potentialAction":[{"@type":"ReadAction","target":["https:\/\/ertlifetinyhouse.com\/hakkimizda\/"]}]},{"@type":"BreadcrumbList","@id":"https:\/\/ertlifetinyhouse.com\/hakkimizda\/#breadcrumb","itemListElement":[{"@type":"ListItem","position":1,"name":"Anasayfa","item":"https:\/\/ertlifetinyhouse.com\/"},{"@type":"ListItem","position":2,"name":"Hakk\u0131m\u0131zda"}]},{"@type":"WebSite","@id":"https:\/\/ertlifetinyhouse.com\/#website","url":"https:\/\/ertlifetinyhouse.com\/","name":"Ert Life Tiny House \u0130malat","description":"Tiny House K\u00fc\u00e7\u00fck Ev \u0130malat Sat\u0131\u015f","publisher":{"@id":"https:\/\/ertlifetinyhouse.com\/#organization"},"potentialAction":[{"@type":"SearchAction","target":{"@type":"EntryPoint","urlTemplate":"https:\/\/ertlifetinyhouse.com\/?s={search_term_string}"},"query-input":{"@type":"PropertyValueSpecification","valueRequired":true,"valueName":"search_term_string"}}],"inLanguage":"en-US"},{"@type":"Organization","@id":"https:\/\/ertlifetinyhouse.com\/#organization","name":"Ert Life Tiny House \u0130malat","url":"https:\/\/ertlifetinyhouse.com\/","logo":{"@type":"ImageObject","inLanguage":"en-US","@id":"https:\/\/ertlifetinyhouse.com\/#\/schema\/logo\/image\/","url":"https:\/\/ertlifetinyhouse.com\/wp-content\/uploads\/2023\/09\/ert-life-tiny-house-logo.png","contentUrl":"https:\/\/ertlifetinyhouse.com\/wp-content\/uploads\/2023\/09\/ert-life-tiny-house-logo.png","width":211,"height":51,"caption":"Ert Life Tiny House \u0130malat"},"image":{"@id":"https:\/\/ertlifetinyhouse.com\/#\/schema\/logo\/image\/"},"sameAs":["https:\/\/www.instagram.com\/ertlifetinyhouse\/"]}]}},"_links":{"self":[{"href":"https:\/\/ertlifetinyhouse.com\/en\/wp-json\/wp\/v2\/pages\/1383","targetHints":{"allow":["GET"]}}],"collection":[{"href":"https:\/\/ertlifetinyhouse.com\/en\/wp-json\/wp\/v2\/pages"}],"about":[{"href":"https:\/\/ertlifetinyhouse.com\/en\/wp-json\/wp\/v2\/types\/page"}],"author":[{"embeddable":true,"href":"https:\/\/ertlifetinyhouse.com\/en\/wp-json\/wp\/v2\/users\/1"}],"replies":[{"embeddable":true,"href":"https:\/\/ertlifetinyhouse.com\/en\/wp-json\/wp\/v2\/comments?post=1383"}],"version-history":[{"count":12,"href":"https:\/\/ertlifetinyhouse.com\/en\/wp-json\/wp\/v2\/pages\/1383\/revisions"}],"predecessor-version":[{"id":1905,"href":"https:\/\/ertlifetinyhouse.com\/en\/wp-json\/wp\/v2\/pages\/1383\/revisions\/1905"}],"wp:attachment":[{"href":"https:\/\/ertlifetinyhouse.com\/en\/wp-json\/wp\/v2\/media?parent=1383"}],"curies":[{"name":"wp","href":"https:\/\/api.w.org\/{rel}","templated":true}]}}