{"id":1417,"date":"2023-09-07T21:59:04","date_gmt":"2023-09-07T21:59:04","guid":{"rendered":"https:\/\/ertlifetinyhouse.com\/?page_id=1417"},"modified":"2024-02-15T11:14:10","modified_gmt":"2024-02-15T11:14:10","slug":"poyraz-tiny-house","status":"publish","type":"page","link":"https:\/\/ertlifetinyhouse.com\/en\/poyraz-tiny-house\/","title":{"rendered":"POYRAZ Tiny House"},"content":{"rendered":"<section class=\"wpb-content-wrapper\"><p>[vc_row][vc_column width=&#8221;2\/3&#8243;][vc_gallery interval=&#8221;3&#8243; images=&#8221;1412,1411,1410&#8243; img_size=&#8221;full&#8221;][vc_empty_space height=&#8221;10&#8243;][\/vc_column][vc_column width=&#8221;1\/3&#8243;][vc_column_text]<span style=\"color: #000000;\"><strong>Poyraz Tiny House<\/strong><\/span><\/p>\n<p><span style=\"color: #000000;\">Poyraz Tiny House model, which provides ideal living space for 2-6 people<\/span>[\/vc_column_text][vc_empty_space height=&#8221;10&#8243;][vc_tta_accordion][vc_tta_section title=&#8221;\u00d6zellikleri&#8221; tab_id=&#8221;1694123725513-3f2a2e80-037f&#8221;][vc_column_text]<span style=\"color: #000000;\">&#8211; LOFT FLOOR<\/span><br \/>\n<span style=\"color: #000000;\">&#8211; WC-BATHROOM<\/span><br \/>\n<span style=\"color: #000000;\">&#8211; KITCHEN<\/span><br \/>\n<span style=\"color: #000000;\">&#8211; LIVING ROOM<\/span><br \/>\n<span style=\"color: #000000;\">&#8211; OPTIONAL +1 ROOM<\/span>[\/vc_column_text][\/vc_tta_section][vc_tta_section title=&#8221;\u00d6l\u00e7\u00fc &#8211; Kapasite&#8221; tab_id=&#8221;1694123725521-8593e602-fd5f&#8221;][vc_column_text]<\/p>\n<ul>\n<li><span style=\"color: #000000;\">2 &#8211; 6 Ki\u015filik<\/span><\/li>\n<li><span style=\"color: #000000;\">\u2013 Uzunluk: 6-10 m<\/span><\/li>\n<li><span style=\"color: #000000;\">\u2013 Geni\u015flik: 2.50 m<\/span><\/li>\n<li><span style=\"color: #000000;\">\u2013 Kullan\u0131m Alan\u0131: 21 m2 -40 m2<\/span><\/li>\n<\/ul>\n<p>[\/vc_column_text][\/vc_tta_section][\/vc_tta_accordion][\/vc_column][\/vc_row]<\/p>\n<\/section>","protected":false},"excerpt":{"rendered":"<p>[vc_row][vc_column width=&#8221;2\/3&#8243;][vc_gallery interval=&#8221;3&#8243; images=&#8221;1412,1411,1410&#8243; img_size=&#8221;full&#8221;][vc_empty_space height=&#8221;10&#8243;][\/vc_column][vc_column width=&#8221;1\/3&#8243;][vc_column_text]Poyraz Tiny House Poyraz Tiny House model, which provides ideal living space for 2-6 people[\/vc_column_text][vc_empty_space height=&#8221;10&#8243;][vc_tta_accordion][vc_tta_section title=&#8221;\u00d6zellikleri&#8221; tab_id=&#8221;1694123725513-3f2a2e80-037f&#8221;][vc_column_text]&#8211; LOFT FLOOR &#8211; WC-BATHROOM &#8211; KITCHEN &#8211; LIVING ROOM &#8211; OPTIONAL +1 ROOM[\/vc_column_text][\/vc_tta_section][vc_tta_section title=&#8221;\u00d6l\u00e7\u00fc &#8211; Kapasite&#8221; tab_id=&#8221;1694123725521-8593e602-fd5f&#8221;][vc_column_text] 2 &#8211; 6 Ki\u015filik \u2013 Uzunluk: 6-10 m \u2013 Geni\u015flik: 2.50 m \u2013 Kullan\u0131m [&hellip;]<\/p>\n","protected":false},"author":1,"featured_media":0,"parent":0,"menu_order":0,"comment_status":"closed","ping_status":"closed","template":"","meta":{"footnotes":""},"class_list":["post-1417","page","type-page","status-publish","hentry"],"yoast_head":"<!-- This site is optimized with the Yoast SEO plugin v26.4 - https:\/\/yoast.com\/wordpress\/plugins\/seo\/ -->\n<title>POYRAZ Tiny House - Ert Life Tiny House \u0130malat<\/title>\n<meta name=\"robots\" content=\"index, follow, max-snippet:-1, max-image-preview:large, max-video-preview:-1\" \/>\n<link rel=\"canonical\" href=\"https:\/\/ertlifetinyhouse.com\/en\/poyraz-tiny-house\/\" \/>\n<meta property=\"og:locale\" content=\"en_US\" \/>\n<meta property=\"og:type\" content=\"article\" \/>\n<meta property=\"og:title\" content=\"POYRAZ Tiny House\" \/>\n<meta property=\"og:description\" content=\"[vc_row][vc_column width=&#8221;2\/3&#8243;][vc_gallery interval=&#8221;3&#8243; images=&#8221;1412,1411,1410&#8243; img_size=&#8221;full&#8221;][vc_empty_space height=&#8221;10&#8243;][\/vc_column][vc_column width=&#8221;1\/3&#8243;][vc_column_text]Poyraz Tiny House Poyraz Tiny House model, which provides ideal living space for 2-6 people[\/vc_column_text][vc_empty_space height=&#8221;10&#8243;][vc_tta_accordion][vc_tta_section title=&#8221;\u00d6zellikleri&#8221; tab_id=&#8221;1694123725513-3f2a2e80-037f&#8221;][vc_column_text]&#8211; LOFT FLOOR &#8211; WC-BATHROOM &#8211; KITCHEN &#8211; LIVING ROOM &#8211; OPTIONAL +1 ROOM[\/vc_column_text][\/vc_tta_section][vc_tta_section title=&#8221;\u00d6l\u00e7\u00fc &#8211; Kapasite&#8221; tab_id=&#8221;1694123725521-8593e602-fd5f&#8221;][vc_column_text] 2 &#8211; 6 Ki\u015filik \u2013 Uzunluk: 6-10 m \u2013 Geni\u015flik: 2.50 m \u2013 Kullan\u0131m [&hellip;]\" \/>\n<meta property=\"og:url\" content=\"https:\/\/ertlifetinyhouse.com\/en\/poyraz-tiny-house\/\" \/>\n<meta property=\"og:site_name\" content=\"Ert Life Tiny House \u0130malat\" \/>\n<meta property=\"article:modified_time\" content=\"2024-02-15T11:14:10+00:00\" \/>\n<meta name=\"twitter:card\" content=\"summary_large_image\" \/>\n<meta name=\"twitter:label1\" content=\"Est. reading time\" \/>\n\t<meta name=\"twitter:data1\" content=\"1 minute\" \/>\n<script type=\"application\/ld+json\" class=\"yoast-schema-graph\">{\"@context\":\"https:\/\/schema.org\",\"@graph\":[{\"@type\":\"WebPage\",\"@id\":\"https:\/\/ertlifetinyhouse.com\/en\/poyraz-tiny-house\/\",\"url\":\"https:\/\/ertlifetinyhouse.com\/en\/poyraz-tiny-house\/\",\"name\":\"[:tr]POYRAZ Tiny House[:en]POYRAZ Tiny House[:] - Ert Life Tiny House \u0130malat\",\"isPartOf\":{\"@id\":\"https:\/\/ertlifetinyhouse.com\/#website\"},\"datePublished\":\"2023-09-07T21:59:04+00:00\",\"dateModified\":\"2024-02-15T11:14:10+00:00\",\"breadcrumb\":{\"@id\":\"https:\/\/ertlifetinyhouse.com\/en\/poyraz-tiny-house\/#breadcrumb\"},\"inLanguage\":\"en-US\",\"potentialAction\":[{\"@type\":\"ReadAction\",\"target\":[\"https:\/\/ertlifetinyhouse.com\/en\/poyraz-tiny-house\/\"]}]},{\"@type\":\"BreadcrumbList\",\"@id\":\"https:\/\/ertlifetinyhouse.com\/en\/poyraz-tiny-house\/#breadcrumb\",\"itemListElement\":[{\"@type\":\"ListItem\",\"position\":1,\"name\":\"Anasayfa\",\"item\":\"https:\/\/ertlifetinyhouse.com\/\"},{\"@type\":\"ListItem\",\"position\":2,\"name\":\"POYRAZ Tiny House\"}]},{\"@type\":\"WebSite\",\"@id\":\"https:\/\/ertlifetinyhouse.com\/#website\",\"url\":\"https:\/\/ertlifetinyhouse.com\/\",\"name\":\"Ert Life Tiny House \u0130malat\",\"description\":\"Tiny House K\u00fc\u00e7\u00fck Ev \u0130malat Sat\u0131\u015f\",\"publisher\":{\"@id\":\"https:\/\/ertlifetinyhouse.com\/#organization\"},\"potentialAction\":[{\"@type\":\"SearchAction\",\"target\":{\"@type\":\"EntryPoint\",\"urlTemplate\":\"https:\/\/ertlifetinyhouse.com\/?s={search_term_string}\"},\"query-input\":{\"@type\":\"PropertyValueSpecification\",\"valueRequired\":true,\"valueName\":\"search_term_string\"}}],\"inLanguage\":\"en-US\"},{\"@type\":\"Organization\",\"@id\":\"https:\/\/ertlifetinyhouse.com\/#organization\",\"name\":\"Ert Life Tiny House \u0130malat\",\"url\":\"https:\/\/ertlifetinyhouse.com\/\",\"logo\":{\"@type\":\"ImageObject\",\"inLanguage\":\"en-US\",\"@id\":\"https:\/\/ertlifetinyhouse.com\/#\/schema\/logo\/image\/\",\"url\":\"https:\/\/ertlifetinyhouse.com\/wp-content\/uploads\/2023\/09\/ert-life-tiny-house-logo.png\",\"contentUrl\":\"https:\/\/ertlifetinyhouse.com\/wp-content\/uploads\/2023\/09\/ert-life-tiny-house-logo.png\",\"width\":211,\"height\":51,\"caption\":\"Ert Life Tiny House \u0130malat\"},\"image\":{\"@id\":\"https:\/\/ertlifetinyhouse.com\/#\/schema\/logo\/image\/\"},\"sameAs\":[\"https:\/\/www.instagram.com\/ertlifetinyhouse\/\"]}]}<\/script>\n<!-- \/ Yoast SEO plugin. -->","yoast_head_json":{"title":"POYRAZ Tiny House - Ert Life Tiny House \u0130malat","robots":{"index":"index","follow":"follow","max-snippet":"max-snippet:-1","max-image-preview":"max-image-preview:large","max-video-preview":"max-video-preview:-1"},"canonical":"https:\/\/ertlifetinyhouse.com\/en\/poyraz-tiny-house\/","og_locale":"en_US","og_type":"article","og_title":"[:tr]POYRAZ Tiny House[:en]POYRAZ Tiny House[:] - Ert Life Tiny House \u0130malat","og_description":"[vc_row][vc_column width=&#8221;2\/3&#8243;][vc_gallery interval=&#8221;3&#8243; images=&#8221;1412,1411,1410&#8243; img_size=&#8221;full&#8221;][vc_empty_space height=&#8221;10&#8243;][\/vc_column][vc_column width=&#8221;1\/3&#8243;][vc_column_text]Poyraz Tiny House Poyraz Tiny House model, which provides ideal living space for 2-6 people[\/vc_column_text][vc_empty_space height=&#8221;10&#8243;][vc_tta_accordion][vc_tta_section title=&#8221;\u00d6zellikleri&#8221; tab_id=&#8221;1694123725513-3f2a2e80-037f&#8221;][vc_column_text]&#8211; LOFT FLOOR &#8211; WC-BATHROOM &#8211; KITCHEN &#8211; LIVING ROOM &#8211; OPTIONAL +1 ROOM[\/vc_column_text][\/vc_tta_section][vc_tta_section title=&#8221;\u00d6l\u00e7\u00fc &#8211; Kapasite&#8221; tab_id=&#8221;1694123725521-8593e602-fd5f&#8221;][vc_column_text] 2 &#8211; 6 Ki\u015filik \u2013 Uzunluk: 6-10 m \u2013 Geni\u015flik: 2.50 m \u2013 Kullan\u0131m [&hellip;]","og_url":"https:\/\/ertlifetinyhouse.com\/en\/poyraz-tiny-house\/","og_site_name":"Ert Life Tiny House \u0130malat","article_modified_time":"2024-02-15T11:14:10+00:00","twitter_card":"summary_large_image","twitter_misc":{"Est. reading time":"1 minute"},"schema":{"@context":"https:\/\/schema.org","@graph":[{"@type":"WebPage","@id":"https:\/\/ertlifetinyhouse.com\/en\/poyraz-tiny-house\/","url":"https:\/\/ertlifetinyhouse.com\/en\/poyraz-tiny-house\/","name":"[:tr]POYRAZ Tiny House[:en]POYRAZ Tiny House[:] - Ert Life Tiny House \u0130malat","isPartOf":{"@id":"https:\/\/ertlifetinyhouse.com\/#website"},"datePublished":"2023-09-07T21:59:04+00:00","dateModified":"2024-02-15T11:14:10+00:00","breadcrumb":{"@id":"https:\/\/ertlifetinyhouse.com\/en\/poyraz-tiny-house\/#breadcrumb"},"inLanguage":"en-US","potentialAction":[{"@type":"ReadAction","target":["https:\/\/ertlifetinyhouse.com\/en\/poyraz-tiny-house\/"]}]},{"@type":"BreadcrumbList","@id":"https:\/\/ertlifetinyhouse.com\/en\/poyraz-tiny-house\/#breadcrumb","itemListElement":[{"@type":"ListItem","position":1,"name":"Anasayfa","item":"https:\/\/ertlifetinyhouse.com\/"},{"@type":"ListItem","position":2,"name":"POYRAZ Tiny House"}]},{"@type":"WebSite","@id":"https:\/\/ertlifetinyhouse.com\/#website","url":"https:\/\/ertlifetinyhouse.com\/","name":"Ert Life Tiny House \u0130malat","description":"Tiny House K\u00fc\u00e7\u00fck Ev \u0130malat Sat\u0131\u015f","publisher":{"@id":"https:\/\/ertlifetinyhouse.com\/#organization"},"potentialAction":[{"@type":"SearchAction","target":{"@type":"EntryPoint","urlTemplate":"https:\/\/ertlifetinyhouse.com\/?s={search_term_string}"},"query-input":{"@type":"PropertyValueSpecification","valueRequired":true,"valueName":"search_term_string"}}],"inLanguage":"en-US"},{"@type":"Organization","@id":"https:\/\/ertlifetinyhouse.com\/#organization","name":"Ert Life Tiny House \u0130malat","url":"https:\/\/ertlifetinyhouse.com\/","logo":{"@type":"ImageObject","inLanguage":"en-US","@id":"https:\/\/ertlifetinyhouse.com\/#\/schema\/logo\/image\/","url":"https:\/\/ertlifetinyhouse.com\/wp-content\/uploads\/2023\/09\/ert-life-tiny-house-logo.png","contentUrl":"https:\/\/ertlifetinyhouse.com\/wp-content\/uploads\/2023\/09\/ert-life-tiny-house-logo.png","width":211,"height":51,"caption":"Ert Life Tiny House \u0130malat"},"image":{"@id":"https:\/\/ertlifetinyhouse.com\/#\/schema\/logo\/image\/"},"sameAs":["https:\/\/www.instagram.com\/ertlifetinyhouse\/"]}]}},"_links":{"self":[{"href":"https:\/\/ertlifetinyhouse.com\/en\/wp-json\/wp\/v2\/pages\/1417","targetHints":{"allow":["GET"]}}],"collection":[{"href":"https:\/\/ertlifetinyhouse.com\/en\/wp-json\/wp\/v2\/pages"}],"about":[{"href":"https:\/\/ertlifetinyhouse.com\/en\/wp-json\/wp\/v2\/types\/page"}],"author":[{"embeddable":true,"href":"https:\/\/ertlifetinyhouse.com\/en\/wp-json\/wp\/v2\/users\/1"}],"replies":[{"embeddable":true,"href":"https:\/\/ertlifetinyhouse.com\/en\/wp-json\/wp\/v2\/comments?post=1417"}],"version-history":[{"count":6,"href":"https:\/\/ertlifetinyhouse.com\/en\/wp-json\/wp\/v2\/pages\/1417\/revisions"}],"predecessor-version":[{"id":1782,"href":"https:\/\/ertlifetinyhouse.com\/en\/wp-json\/wp\/v2\/pages\/1417\/revisions\/1782"}],"wp:attachment":[{"href":"https:\/\/ertlifetinyhouse.com\/en\/wp-json\/wp\/v2\/media?parent=1417"}],"curies":[{"name":"wp","href":"https:\/\/api.w.org\/{rel}","templated":true}]}}