{"id":1476,"date":"2023-09-07T22:23:19","date_gmt":"2023-09-07T22:23:19","guid":{"rendered":"https:\/\/ertlifetinyhouse.com\/?page_id=1476"},"modified":"2025-11-19T08:05:17","modified_gmt":"2025-11-19T08:05:17","slug":"iletisim","status":"publish","type":"page","link":"https:\/\/ertlifetinyhouse.com\/en\/iletisim\/","title":{"rendered":"Contact"},"content":{"rendered":"<section class=\"wpb-content-wrapper\"><p>[vc_row][vc_column width=&#8221;1\/2&#8243;][vc_text_separator title=&#8221;Contact Info&#8221; color=&#8221;orange&#8221;][vc_empty_space height=&#8221;10&#8243;][vc_column_text]<span style=\"color: #000000;\"><strong>Adress: <\/strong>K\u0131s\u0131k Mh. 7709 Sk. No :14 Menderes \u0130zmir<\/span><br \/>\n<span style=\"color: #000000;\"><strong>Phone: <\/strong>0 (850) 850 74 84<\/span><br \/>\n<span style=\"color: #000000;\"><strong>E-Posta:<\/strong> <a href=\"mailto:info@ertlifemimarlik.com.tr\">info@ertlifemimarlik.com.tr<\/a><\/span>[\/vc_column_text][vc_empty_space height=&#8221;10&#8243;][vc_text_separator title=&#8221;For Directions&#8221; color=&#8221;orange&#8221;][vc_empty_space height=&#8221;10&#8243;][vc_gmaps link=&#8221;#E-8_JTNDaWZyYW1lJTIwc3JjJTNEJTIyaHR0cHMlM0ElMkYlMkZ3d3cuZ29vZ2xlLmNvbSUyRm1hcHMlMkZlbWJlZCUzRnBiJTNEJTIxMW0xOCUyMTFtMTIlMjExbTMlMjExZDE5NS43NjA0NDQyODI2NjM4MyUyMTJkMjcuMTgxMjAzNDUwNDY1OTY1JTIxM2QzOC4yNzU2MTg5NjE5NzQwOSUyMTJtMyUyMTFmMCUyMTJmMCUyMTNmMCUyMTNtMiUyMTFpMTAyNCUyMTJpNzY4JTIxNGYxMy4xJTIxM20zJTIxMW0yJTIxMXMweDE0Yjk1ZjkyNmJhMzg3MDMlMjUzQTB4YjEwYTM1ODc1OGJmYjBmYSUyMTJ6UzhTeGM4U3hheXdnUzhTeGM4U3hheUJMdzdaNXc3d2dUbTg2TVRRc0lETTFORGN3SUUxbGJtUmxjbVZ6TDhTd2VtMXBjZyUyMTVlMCUyMTNtMiUyMTFzdHIlMjEyc3RyJTIxNHYxNjk0MjcxOTI5NjE1JTIxNW0yJTIxMXN0ciUyMTJzdHIlMjIlMjB3aWR0aCUzRCUyMjYwMCUyMiUyMGhlaWdodCUzRCUyMjQ1MCUyMiUyMHN0eWxlJTNEJTIyYm9yZGVyJTNBMCUzQiUyMiUyMGFsbG93ZnVsbHNjcmVlbiUzRCUyMiUyMiUyMGxvYWRpbmclM0QlMjJsYXp5JTIyJTIwcmVmZXJyZXJwb2xpY3klM0QlMjJuby1yZWZlcnJlci13aGVuLWRvd25ncmFkZSUyMiUzRSUzQyUyRmlmcmFtZSUzRQ==&#8221;][vc_empty_space height=&#8221;10&#8243;][\/vc_column][vc_column width=&#8221;1\/2&#8243;][vc_text_separator title=&#8221;Contact Form&#8221; color=&#8221;orange&#8221;][vc_empty_space height=&#8221;10&#8243;]\n<div class=\"wpcf7 no-js\" id=\"wpcf7-f1684-o1\" lang=\"tr-TR\" dir=\"ltr\" data-wpcf7-id=\"1684\">\n<div class=\"screen-reader-response\"><p role=\"status\" aria-live=\"polite\" aria-atomic=\"true\"><\/p> <ul><\/ul><\/div>\n<form action=\"\/en\/wp-json\/wp\/v2\/pages\/1476#wpcf7-f1684-o1\" method=\"post\" class=\"wpcf7-form init\" aria-label=\"\u0130leti\u015fim Formu\" novalidate=\"novalidate\" data-status=\"init\">\n<fieldset class=\"hidden-fields-container\"><input type=\"hidden\" name=\"_wpcf7\" value=\"1684\" \/><input type=\"hidden\" name=\"_wpcf7_version\" value=\"6.1.3\" \/><input type=\"hidden\" name=\"_wpcf7_locale\" value=\"tr_TR\" \/><input type=\"hidden\" name=\"_wpcf7_unit_tag\" value=\"wpcf7-f1684-o1\" \/><input type=\"hidden\" name=\"_wpcf7_container_post\" value=\"0\" \/><input type=\"hidden\" name=\"_wpcf7_posted_data_hash\" value=\"\" \/><input type=\"hidden\" name=\"lang\" value=\"en\" \/>\n<\/fieldset>\n<p><label> Name (*)<br \/>\n<span class=\"wpcf7-form-control-wrap\" data-name=\"your-name\"><input size=\"40\" maxlength=\"400\" class=\"wpcf7-form-control wpcf7-text wpcf7-validates-as-required\" autocomplete=\"name\" aria-required=\"true\" aria-invalid=\"false\" value=\"\" type=\"text\" name=\"your-name\" \/><\/span> <\/label>\n<\/p>\n<p><label> E-Posta (*)<br \/>\n<span class=\"wpcf7-form-control-wrap\" data-name=\"your-email\"><input size=\"40\" maxlength=\"400\" class=\"wpcf7-form-control wpcf7-email wpcf7-validates-as-required wpcf7-text wpcf7-validates-as-email\" autocomplete=\"email\" aria-required=\"true\" aria-invalid=\"false\" value=\"\" type=\"email\" name=\"your-email\" \/><\/span> <\/label>\n<\/p>\n<p><label> Phone (*)<br \/>\n<span class=\"wpcf7-form-control-wrap\" data-name=\"your-tel\"><input size=\"40\" maxlength=\"400\" class=\"wpcf7-form-control wpcf7-text wpcf7-validates-as-required\" aria-required=\"true\" aria-invalid=\"false\" value=\"\" type=\"text\" name=\"your-tel\" \/><\/span> <\/label>\n<\/p>\n<p><label> Message<br \/>\n<span class=\"wpcf7-form-control-wrap\" data-name=\"your-message\"><textarea cols=\"40\" rows=\"10\" maxlength=\"2000\" class=\"wpcf7-form-control wpcf7-textarea\" aria-invalid=\"false\" name=\"your-message\"><\/textarea><\/span> <\/label>\n<\/p>\n<p><input class=\"wpcf7-form-control wpcf7-submit has-spinner\" type=\"submit\" value=\"Send\" \/>\n<\/p><div class=\"wpcf7-response-output\" aria-hidden=\"true\"><\/div>\n<\/form>\n<\/div>\n[\/vc_column][\/vc_row]<\/p>\n<\/section>","protected":false},"excerpt":{"rendered":"<p>[vc_row][vc_column width=&#8221;1\/2&#8243;][vc_text_separator title=&#8221;Contact Info&#8221; color=&#8221;orange&#8221;][vc_empty_space height=&#8221;10&#8243;][vc_column_text]Adress: K\u0131s\u0131k Mh. 7709 Sk. No :14 Menderes \u0130zmir Phone: 0 (850) 850 74 84 E-Posta: info@ertlifemimarlik.com.tr[\/vc_column_text][vc_empty_space height=&#8221;10&#8243;][vc_text_separator title=&#8221;For Directions&#8221; color=&#8221;orange&#8221;][vc_empty_space height=&#8221;10&#8243;][vc_gmaps link=&#8221;#E-8_JTNDaWZyYW1lJTIwc3JjJTNEJTIyaHR0cHMlM0ElMkYlMkZ3d3cuZ29vZ2xlLmNvbSUyRm1hcHMlMkZlbWJlZCUzRnBiJTNEJTIxMW0xOCUyMTFtMTIlMjExbTMlMjExZDE5NS43NjA0NDQyODI2NjM4MyUyMTJkMjcuMTgxMjAzNDUwNDY1OTY1JTIxM2QzOC4yNzU2MTg5NjE5NzQwOSUyMTJtMyUyMTFmMCUyMTJmMCUyMTNmMCUyMTNtMiUyMTFpMTAyNCUyMTJpNzY4JTIxNGYxMy4xJTIxM20zJTIxMW0yJTIxMXMweDE0Yjk1ZjkyNmJhMzg3MDMlMjUzQTB4YjEwYTM1ODc1OGJmYjBmYSUyMTJ6UzhTeGM4U3hheXdnUzhTeGM4U3hheUJMdzdaNXc3d2dUbTg2TVRRc0lETTFORGN3SUUxbGJtUmxjbVZ6TDhTd2VtMXBjZyUyMTVlMCUyMTNtMiUyMTFzdHIlMjEyc3RyJTIxNHYxNjk0MjcxOTI5NjE1JTIxNW0yJTIxMXN0ciUyMTJzdHIlMjIlMjB3aWR0aCUzRCUyMjYwMCUyMiUyMGhlaWdodCUzRCUyMjQ1MCUyMiUyMHN0eWxlJTNEJTIyYm9yZGVyJTNBMCUzQiUyMiUyMGFsbG93ZnVsbHNjcmVlbiUzRCUyMiUyMiUyMGxvYWRpbmclM0QlMjJsYXp5JTIyJTIwcmVmZXJyZXJwb2xpY3klM0QlMjJuby1yZWZlcnJlci13aGVuLWRvd25ncmFkZSUyMiUzRSUzQyUyRmlmcmFtZSUzRQ==&#8221;][vc_empty_space height=&#8221;10&#8243;][\/vc_column][vc_column width=&#8221;1\/2&#8243;][vc_text_separator title=&#8221;Contact Form&#8221; color=&#8221;orange&#8221;][vc_empty_space height=&#8221;10&#8243;][\/vc_column][\/vc_row]<\/p>\n","protected":false},"author":1,"featured_media":0,"parent":0,"menu_order":0,"comment_status":"closed","ping_status":"closed","template":"","meta":{"footnotes":""},"class_list":["post-1476","page","type-page","status-publish","hentry"],"yoast_head":"<!-- This site is optimized with the Yoast SEO plugin v26.4 - https:\/\/yoast.com\/wordpress\/plugins\/seo\/ -->\n<title>Contact - Ert Life Tiny House \u0130malat<\/title>\n<meta name=\"robots\" content=\"index, follow, max-snippet:-1, max-image-preview:large, max-video-preview:-1\" \/>\n<link rel=\"canonical\" href=\"https:\/\/ertlifetinyhouse.com\/en\/iletisim\/\" \/>\n<meta property=\"og:locale\" content=\"en_US\" \/>\n<meta property=\"og:type\" content=\"article\" \/>\n<meta property=\"og:title\" content=\"Contact\" \/>\n<meta property=\"og:description\" content=\"[vc_row][vc_column width=&#8221;1\/2&#8243;][vc_text_separator title=&#8221;Contact Info&#8221; color=&#8221;orange&#8221;][vc_empty_space height=&#8221;10&#8243;][vc_column_text]Adress: K\u0131s\u0131k Mh. 7709 Sk. No :14 Menderes \u0130zmir Phone: 0 (850) 850 74 84 E-Posta: info@ertlifemimarlik.com.tr[\/vc_column_text][vc_empty_space height=&#8221;10&#8243;][vc_text_separator title=&#8221;For Directions&#8221; color=&#8221;orange&#8221;][vc_empty_space height=&#8221;10&#8243;][vc_gmaps link=&#8221;#E-8_JTNDaWZyYW1lJTIwc3JjJTNEJTIyaHR0cHMlM0ElMkYlMkZ3d3cuZ29vZ2xlLmNvbSUyRm1hcHMlMkZlbWJlZCUzRnBiJTNEJTIxMW0xOCUyMTFtMTIlMjExbTMlMjExZDE5NS43NjA0NDQyODI2NjM4MyUyMTJkMjcuMTgxMjAzNDUwNDY1OTY1JTIxM2QzOC4yNzU2MTg5NjE5NzQwOSUyMTJtMyUyMTFmMCUyMTJmMCUyMTNmMCUyMTNtMiUyMTFpMTAyNCUyMTJpNzY4JTIxNGYxMy4xJTIxM20zJTIxMW0yJTIxMXMweDE0Yjk1ZjkyNmJhMzg3MDMlMjUzQTB4YjEwYTM1ODc1OGJmYjBmYSUyMTJ6UzhTeGM4U3hheXdnUzhTeGM4U3hheUJMdzdaNXc3d2dUbTg2TVRRc0lETTFORGN3SUUxbGJtUmxjbVZ6TDhTd2VtMXBjZyUyMTVlMCUyMTNtMiUyMTFzdHIlMjEyc3RyJTIxNHYxNjk0MjcxOTI5NjE1JTIxNW0yJTIxMXN0ciUyMTJzdHIlMjIlMjB3aWR0aCUzRCUyMjYwMCUyMiUyMGhlaWdodCUzRCUyMjQ1MCUyMiUyMHN0eWxlJTNEJTIyYm9yZGVyJTNBMCUzQiUyMiUyMGFsbG93ZnVsbHNjcmVlbiUzRCUyMiUyMiUyMGxvYWRpbmclM0QlMjJsYXp5JTIyJTIwcmVmZXJyZXJwb2xpY3klM0QlMjJuby1yZWZlcnJlci13aGVuLWRvd25ncmFkZSUyMiUzRSUzQyUyRmlmcmFtZSUzRQ==&#8221;][vc_empty_space height=&#8221;10&#8243;][\/vc_column][vc_column width=&#8221;1\/2&#8243;][vc_text_separator title=&#8221;Contact Form&#8221; color=&#8221;orange&#8221;][vc_empty_space height=&#8221;10&#8243;][\/vc_column][\/vc_row]\" \/>\n<meta property=\"og:url\" content=\"https:\/\/ertlifetinyhouse.com\/en\/iletisim\/\" \/>\n<meta property=\"og:site_name\" content=\"Ert Life Tiny House \u0130malat\" \/>\n<meta property=\"article:modified_time\" content=\"2025-11-19T08:05:17+00:00\" \/>\n<meta name=\"twitter:card\" content=\"summary_large_image\" \/>\n<meta name=\"twitter:label1\" content=\"Est. reading time\" \/>\n\t<meta name=\"twitter:data1\" content=\"1 minute\" \/>\n<script type=\"application\/ld+json\" class=\"yoast-schema-graph\">{\"@context\":\"https:\/\/schema.org\",\"@graph\":[{\"@type\":\"WebPage\",\"@id\":\"https:\/\/ertlifetinyhouse.com\/en\/iletisim\/\",\"url\":\"https:\/\/ertlifetinyhouse.com\/en\/iletisim\/\",\"name\":\"[:tr]\u0130leti\u015fim[:en]Contact[:] - Ert Life Tiny House \u0130malat\",\"isPartOf\":{\"@id\":\"https:\/\/ertlifetinyhouse.com\/#website\"},\"datePublished\":\"2023-09-07T22:23:19+00:00\",\"dateModified\":\"2025-11-19T08:05:17+00:00\",\"breadcrumb\":{\"@id\":\"https:\/\/ertlifetinyhouse.com\/en\/iletisim\/#breadcrumb\"},\"inLanguage\":\"en-US\",\"potentialAction\":[{\"@type\":\"ReadAction\",\"target\":[\"https:\/\/ertlifetinyhouse.com\/en\/iletisim\/\"]}]},{\"@type\":\"BreadcrumbList\",\"@id\":\"https:\/\/ertlifetinyhouse.com\/en\/iletisim\/#breadcrumb\",\"itemListElement\":[{\"@type\":\"ListItem\",\"position\":1,\"name\":\"Anasayfa\",\"item\":\"https:\/\/ertlifetinyhouse.com\/\"},{\"@type\":\"ListItem\",\"position\":2,\"name\":\"Contact\"}]},{\"@type\":\"WebSite\",\"@id\":\"https:\/\/ertlifetinyhouse.com\/#website\",\"url\":\"https:\/\/ertlifetinyhouse.com\/\",\"name\":\"Ert Life Tiny House \u0130malat\",\"description\":\"Tiny House K\u00fc\u00e7\u00fck Ev \u0130malat Sat\u0131\u015f\",\"publisher\":{\"@id\":\"https:\/\/ertlifetinyhouse.com\/#organization\"},\"potentialAction\":[{\"@type\":\"SearchAction\",\"target\":{\"@type\":\"EntryPoint\",\"urlTemplate\":\"https:\/\/ertlifetinyhouse.com\/?s={search_term_string}\"},\"query-input\":{\"@type\":\"PropertyValueSpecification\",\"valueRequired\":true,\"valueName\":\"search_term_string\"}}],\"inLanguage\":\"en-US\"},{\"@type\":\"Organization\",\"@id\":\"https:\/\/ertlifetinyhouse.com\/#organization\",\"name\":\"Ert Life Tiny House \u0130malat\",\"url\":\"https:\/\/ertlifetinyhouse.com\/\",\"logo\":{\"@type\":\"ImageObject\",\"inLanguage\":\"en-US\",\"@id\":\"https:\/\/ertlifetinyhouse.com\/#\/schema\/logo\/image\/\",\"url\":\"https:\/\/ertlifetinyhouse.com\/wp-content\/uploads\/2023\/09\/ert-life-tiny-house-logo.png\",\"contentUrl\":\"https:\/\/ertlifetinyhouse.com\/wp-content\/uploads\/2023\/09\/ert-life-tiny-house-logo.png\",\"width\":211,\"height\":51,\"caption\":\"Ert Life Tiny House \u0130malat\"},\"image\":{\"@id\":\"https:\/\/ertlifetinyhouse.com\/#\/schema\/logo\/image\/\"},\"sameAs\":[\"https:\/\/www.instagram.com\/ertlifetinyhouse\/\"]}]}<\/script>\n<!-- \/ Yoast SEO plugin. -->","yoast_head_json":{"title":"Contact - Ert Life Tiny House \u0130malat","robots":{"index":"index","follow":"follow","max-snippet":"max-snippet:-1","max-image-preview":"max-image-preview:large","max-video-preview":"max-video-preview:-1"},"canonical":"https:\/\/ertlifetinyhouse.com\/en\/iletisim\/","og_locale":"en_US","og_type":"article","og_title":"[:tr]\u0130leti\u015fim[:en]Contact[:] - Ert Life Tiny House \u0130malat","og_description":"[vc_row][vc_column width=&#8221;1\/2&#8243;][vc_text_separator title=&#8221;Contact Info&#8221; color=&#8221;orange&#8221;][vc_empty_space height=&#8221;10&#8243;][vc_column_text]Adress: K\u0131s\u0131k Mh. 7709 Sk. No :14 Menderes \u0130zmir Phone: 0 (850) 850 74 84 E-Posta: info@ertlifemimarlik.com.tr[\/vc_column_text][vc_empty_space height=&#8221;10&#8243;][vc_text_separator title=&#8221;For Directions&#8221; color=&#8221;orange&#8221;][vc_empty_space height=&#8221;10&#8243;][vc_gmaps link=&#8221;#E-8_JTNDaWZyYW1lJTIwc3JjJTNEJTIyaHR0cHMlM0ElMkYlMkZ3d3cuZ29vZ2xlLmNvbSUyRm1hcHMlMkZlbWJlZCUzRnBiJTNEJTIxMW0xOCUyMTFtMTIlMjExbTMlMjExZDE5NS43NjA0NDQyODI2NjM4MyUyMTJkMjcuMTgxMjAzNDUwNDY1OTY1JTIxM2QzOC4yNzU2MTg5NjE5NzQwOSUyMTJtMyUyMTFmMCUyMTJmMCUyMTNmMCUyMTNtMiUyMTFpMTAyNCUyMTJpNzY4JTIxNGYxMy4xJTIxM20zJTIxMW0yJTIxMXMweDE0Yjk1ZjkyNmJhMzg3MDMlMjUzQTB4YjEwYTM1ODc1OGJmYjBmYSUyMTJ6UzhTeGM4U3hheXdnUzhTeGM4U3hheUJMdzdaNXc3d2dUbTg2TVRRc0lETTFORGN3SUUxbGJtUmxjbVZ6TDhTd2VtMXBjZyUyMTVlMCUyMTNtMiUyMTFzdHIlMjEyc3RyJTIxNHYxNjk0MjcxOTI5NjE1JTIxNW0yJTIxMXN0ciUyMTJzdHIlMjIlMjB3aWR0aCUzRCUyMjYwMCUyMiUyMGhlaWdodCUzRCUyMjQ1MCUyMiUyMHN0eWxlJTNEJTIyYm9yZGVyJTNBMCUzQiUyMiUyMGFsbG93ZnVsbHNjcmVlbiUzRCUyMiUyMiUyMGxvYWRpbmclM0QlMjJsYXp5JTIyJTIwcmVmZXJyZXJwb2xpY3klM0QlMjJuby1yZWZlcnJlci13aGVuLWRvd25ncmFkZSUyMiUzRSUzQyUyRmlmcmFtZSUzRQ==&#8221;][vc_empty_space height=&#8221;10&#8243;][\/vc_column][vc_column width=&#8221;1\/2&#8243;][vc_text_separator title=&#8221;Contact Form&#8221; color=&#8221;orange&#8221;][vc_empty_space height=&#8221;10&#8243;][\/vc_column][\/vc_row]","og_url":"https:\/\/ertlifetinyhouse.com\/en\/iletisim\/","og_site_name":"Ert Life Tiny House \u0130malat","article_modified_time":"2025-11-19T08:05:17+00:00","twitter_card":"summary_large_image","twitter_misc":{"Est. reading time":"1 minute"},"schema":{"@context":"https:\/\/schema.org","@graph":[{"@type":"WebPage","@id":"https:\/\/ertlifetinyhouse.com\/en\/iletisim\/","url":"https:\/\/ertlifetinyhouse.com\/en\/iletisim\/","name":"[:tr]\u0130leti\u015fim[:en]Contact[:] - Ert Life Tiny House \u0130malat","isPartOf":{"@id":"https:\/\/ertlifetinyhouse.com\/#website"},"datePublished":"2023-09-07T22:23:19+00:00","dateModified":"2025-11-19T08:05:17+00:00","breadcrumb":{"@id":"https:\/\/ertlifetinyhouse.com\/en\/iletisim\/#breadcrumb"},"inLanguage":"en-US","potentialAction":[{"@type":"ReadAction","target":["https:\/\/ertlifetinyhouse.com\/en\/iletisim\/"]}]},{"@type":"BreadcrumbList","@id":"https:\/\/ertlifetinyhouse.com\/en\/iletisim\/#breadcrumb","itemListElement":[{"@type":"ListItem","position":1,"name":"Anasayfa","item":"https:\/\/ertlifetinyhouse.com\/"},{"@type":"ListItem","position":2,"name":"Contact"}]},{"@type":"WebSite","@id":"https:\/\/ertlifetinyhouse.com\/#website","url":"https:\/\/ertlifetinyhouse.com\/","name":"Ert Life Tiny House \u0130malat","description":"Tiny House K\u00fc\u00e7\u00fck Ev \u0130malat Sat\u0131\u015f","publisher":{"@id":"https:\/\/ertlifetinyhouse.com\/#organization"},"potentialAction":[{"@type":"SearchAction","target":{"@type":"EntryPoint","urlTemplate":"https:\/\/ertlifetinyhouse.com\/?s={search_term_string}"},"query-input":{"@type":"PropertyValueSpecification","valueRequired":true,"valueName":"search_term_string"}}],"inLanguage":"en-US"},{"@type":"Organization","@id":"https:\/\/ertlifetinyhouse.com\/#organization","name":"Ert Life Tiny House \u0130malat","url":"https:\/\/ertlifetinyhouse.com\/","logo":{"@type":"ImageObject","inLanguage":"en-US","@id":"https:\/\/ertlifetinyhouse.com\/#\/schema\/logo\/image\/","url":"https:\/\/ertlifetinyhouse.com\/wp-content\/uploads\/2023\/09\/ert-life-tiny-house-logo.png","contentUrl":"https:\/\/ertlifetinyhouse.com\/wp-content\/uploads\/2023\/09\/ert-life-tiny-house-logo.png","width":211,"height":51,"caption":"Ert Life Tiny House \u0130malat"},"image":{"@id":"https:\/\/ertlifetinyhouse.com\/#\/schema\/logo\/image\/"},"sameAs":["https:\/\/www.instagram.com\/ertlifetinyhouse\/"]}]}},"_links":{"self":[{"href":"https:\/\/ertlifetinyhouse.com\/en\/wp-json\/wp\/v2\/pages\/1476","targetHints":{"allow":["GET"]}}],"collection":[{"href":"https:\/\/ertlifetinyhouse.com\/en\/wp-json\/wp\/v2\/pages"}],"about":[{"href":"https:\/\/ertlifetinyhouse.com\/en\/wp-json\/wp\/v2\/types\/page"}],"author":[{"embeddable":true,"href":"https:\/\/ertlifetinyhouse.com\/en\/wp-json\/wp\/v2\/users\/1"}],"replies":[{"embeddable":true,"href":"https:\/\/ertlifetinyhouse.com\/en\/wp-json\/wp\/v2\/comments?post=1476"}],"version-history":[{"count":9,"href":"https:\/\/ertlifetinyhouse.com\/en\/wp-json\/wp\/v2\/pages\/1476\/revisions"}],"predecessor-version":[{"id":1908,"href":"https:\/\/ertlifetinyhouse.com\/en\/wp-json\/wp\/v2\/pages\/1476\/revisions\/1908"}],"wp:attachment":[{"href":"https:\/\/ertlifetinyhouse.com\/en\/wp-json\/wp\/v2\/media?parent=1476"}],"curies":[{"name":"wp","href":"https:\/\/api.w.org\/{rel}","templated":true}]}}