{"id":1666,"date":"2023-09-10T22:42:18","date_gmt":"2023-09-10T22:42:18","guid":{"rendered":"https:\/\/ertlifetinyhouse.com\/?page_id=1666"},"modified":"2024-02-15T11:27:48","modified_gmt":"2024-02-15T11:27:48","slug":"kisisel-verilerin-korunmasi-ve-gizlilik-politikasi","status":"publish","type":"page","link":"https:\/\/ertlifetinyhouse.com\/en\/kisisel-verilerin-korunmasi-ve-gizlilik-politikasi\/","title":{"rendered":"Personal Data Protection and Privacy Policy"},"content":{"rendered":"<p>Personal Data Protection and Privacy Policy<\/p>\n<p>Entrance<\/p>\n<p>Protection of Personal Data and Data Security is an issue that &#8220;Ert Life Mimarl\u0131k ve Tasar\u0131m san.tic.ltd.\u015fti&#8221; (Ert Life Tiny House) attaches importance to, and in this context, Ert Life Tiny House protects the protection of &#8220;Users&#8221; and other persons. personal data, T.R. It protects it carefully within the framework of the Constitution, Turkish Civil Code, International Conventions, Personal Data Protection Law No. 6698, Relevant Regulations, Communiqu\u00e9s and Institutional Decisions and Guidelines.<\/p>\n<p>This Personal Data Protection and Privacy Policy (Policy) shows the principles of this protection.<\/p>\n<p>Within the scope of this policy, Ert Life Tiny House processes personal data in accordance with Article 5 of Law No. 6698;<\/p>\n<p>Complying with the law and the rules of honesty,<br \/>\nBeing accurate and up to date when necessary,<br \/>\nProcessing for specific, clear and legitimate purposes,<br \/>\nBeing related to the purpose for which they are processed, being limited and proportionate,<br \/>\nTo be kept for the period stipulated in the relevant legislation or necessary for the purpose for which they are processed.<\/p>\n<p>It collects and processes within the framework of its principles.<\/p>\n<p>Scope and Purpose<\/p>\n<p>This policy will be applied to natural persons whose personal data ERT LIFE TINY HOUSE processes within the scope of the &#8220;Site&#8221; (https:\/\/ertlifetinyhouse.com\/ ) by fully or partially automatic or non-automatic means provided that it is part of any data recording system. .<\/p>\n<p>This policy constitutes the basis and basis of the personal data protection processes in all business and transactions of ERT LIFE TINY HOUSE and the provisions regarding the protection of personal data contained in other agreements, policies, procedures and texts available on the Site.<\/p>\n<p>This policy applies to the personal data processed by Ert Life Tiny House within the scope of the Site and in other ways, T.R. It regulates the policies, procedures and purposes regarding processing within the scope of the Constitution, Turkish Civil Code, Personal Data Protection Law No. 6698, relevant regulations and secondary regulations.<\/p>\n<p>This policy covers personal data,<\/p>\n<p>Collection and methods,<br \/>\nWhich groups of people&#8217;s personal data are processed,<br \/>\nWhich categories of data are processed regarding these groups of people,<br \/>\nProcessing processes and purposes for which it is used,<br \/>\nNecessary data security measures to ensure its security,<br \/>\nStorage periods,<br \/>\nAccess methods regarding the status and fate of relevant persons and data,<br \/>\nCookie usage and methods<\/p>\n<p>It covers.<\/p>\n<p>Definitions<\/p>\n<p>User: ERT LIFE TINY HOUSE Real and legal persons who use the Site &#8220;without being a member&#8221; but as &#8220;pre-registration&#8221;.<\/p>\n<p>Other Person: Real and legal persons who use the Site within the scope of ERT LIFE TINY HOUSE Services without being a member and without pre-registration.<\/p>\n<p>Cookies: Small files that are saved on Users&#8217; computers on the Site and help store preferences and other information on the web pages they visit.<\/p>\n<p>Registration: It is the process of becoming a member of the Site with a username and password in order to benefit from ERT LIFE TINY HOUSE Services.<\/p>\n<p>Communication: It is the activity of communicating with ERT LIFE TINY HOUSE via the Site, e-mail, WhatsApp and other channels.<\/p>\n<p>Comment: It is the activity of leaving comments on the Site within the scope of the ERT LIFE TINY HOUSE Site.<\/p>\n<p>Processing of Personal Data:<\/p>\n<p>Obtaining or recording: Processing of personal data begins as soon as it is first obtained.<br \/>\nStorage\/preservation: Storing, hosting or storing personal data in digital or physical media is considered within the scope of processing.<br \/>\nChange \/ Rearrangement: Changing or rearranging personal data using various methods is also considered processing.<br \/>\nTransfer \/ Acquisition: Transmission of personal data through various methods is also within the scope of processing activity.<\/p>\n<p>Anonymization: Making personal data impossible to associate with an identified or identifiable natural person in any way, even if it is matched with other data.<\/p>\n<p>Delete: Delete; It is the process of making personal data inaccessible and unusable for the relevant users in any way.<\/p>\n<p>Destroy: Do not destroy; It is the process of making personal data inaccessible, irretrievable and reusable by anyone.<\/p>\n<p>Relevant Person: The real person whose personal data is processed.<\/p>\n<p>Transfer of Personal Data: Transfer of personal data held by data controllers.<\/p>\n<p>Data Controller and Application<\/p>\n<p>ERT LIFE TINY HOUSE Data Controller, &#8220;0 (850) 850 74 84&#8221; telephone, R\u00fcstem Mh. Karl\u0131 Sk. It has the address No:18\/A Urla \/\u0130zmir and \u201cErt Life Mimarl\u0131k ve Tasar\u0131m san.tic.ltd.\u015fti\u201d.<\/p>\n<p>Relevant persons may apply to the data controller in accordance with KVKK Article 11; To find out whether personal data about them has been processed or not, to request them if they have been processed, to correct them if the content of the data is incomplete or incorrect, to delete or destroy them if they are unlawful, and to notify third parties to whom the data has been disclosed of the actions to be taken accordingly, and to ensure that they are notified of any damages due to unlawful processing of the data. gi<\/p>\n","protected":false},"excerpt":{"rendered":"<p>Personal Data Protection and Privacy Policy Entrance Protection of Personal Data and Data Security is an issue that &#8220;Ert Life Mimarl\u0131k ve Tasar\u0131m san.tic.ltd.\u015fti&#8221; (Ert Life Tiny House) attaches importance to, and in this context, Ert Life Tiny House protects the protection of &#8220;Users&#8221; and other persons. personal data, T.R. It protects it carefully within [&hellip;]<\/p>\n","protected":false},"author":1,"featured_media":0,"parent":0,"menu_order":0,"comment_status":"closed","ping_status":"closed","template":"","meta":{"footnotes":""},"class_list":["post-1666","page","type-page","status-publish","hentry"],"yoast_head":"<!-- This site is optimized with the Yoast SEO plugin v26.4 - https:\/\/yoast.com\/wordpress\/plugins\/seo\/ -->\n<title>Personal Data Protection and Privacy Policy - Ert Life Tiny House \u0130malat<\/title>\n<meta name=\"robots\" content=\"index, follow, max-snippet:-1, max-image-preview:large, max-video-preview:-1\" \/>\n<link rel=\"canonical\" href=\"https:\/\/ertlifetinyhouse.com\/en\/kisisel-verilerin-korunmasi-ve-gizlilik-politikasi\/\" \/>\n<meta property=\"og:locale\" content=\"en_US\" \/>\n<meta property=\"og:type\" content=\"article\" \/>\n<meta property=\"og:title\" content=\"Personal Data Protection and Privacy Policy\" \/>\n<meta property=\"og:description\" content=\"Personal Data Protection and Privacy Policy Entrance Protection of Personal Data and Data Security is an issue that &#8220;Ert Life Mimarl\u0131k ve Tasar\u0131m san.tic.ltd.\u015fti&#8221; (Ert Life Tiny House) attaches importance to, and in this context, Ert Life Tiny House protects the protection of &#8220;Users&#8221; and other persons. personal data, T.R. It protects it carefully within [&hellip;]\" \/>\n<meta property=\"og:url\" content=\"https:\/\/ertlifetinyhouse.com\/en\/kisisel-verilerin-korunmasi-ve-gizlilik-politikasi\/\" \/>\n<meta property=\"og:site_name\" content=\"Ert Life Tiny House \u0130malat\" \/>\n<meta property=\"article:modified_time\" content=\"2024-02-15T11:27:48+00:00\" \/>\n<meta name=\"twitter:card\" content=\"summary_large_image\" \/>\n<meta name=\"twitter:label1\" content=\"Est. reading time\" \/>\n\t<meta name=\"twitter:data1\" content=\"5 minutes\" \/>\n<script type=\"application\/ld+json\" class=\"yoast-schema-graph\">{\"@context\":\"https:\/\/schema.org\",\"@graph\":[{\"@type\":\"WebPage\",\"@id\":\"https:\/\/ertlifetinyhouse.com\/en\/kisisel-verilerin-korunmasi-ve-gizlilik-politikasi\/\",\"url\":\"https:\/\/ertlifetinyhouse.com\/en\/kisisel-verilerin-korunmasi-ve-gizlilik-politikasi\/\",\"name\":\"[:tr]Ki\u015fisel Verilerin Korunmas\u0131 ve Gizlilik Politikas\u0131[:en]Personal Data Protection and Privacy Policy[:] - Ert Life Tiny House \u0130malat\",\"isPartOf\":{\"@id\":\"https:\/\/ertlifetinyhouse.com\/#website\"},\"datePublished\":\"2023-09-10T22:42:18+00:00\",\"dateModified\":\"2024-02-15T11:27:48+00:00\",\"breadcrumb\":{\"@id\":\"https:\/\/ertlifetinyhouse.com\/en\/kisisel-verilerin-korunmasi-ve-gizlilik-politikasi\/#breadcrumb\"},\"inLanguage\":\"en-US\",\"potentialAction\":[{\"@type\":\"ReadAction\",\"target\":[\"https:\/\/ertlifetinyhouse.com\/en\/kisisel-verilerin-korunmasi-ve-gizlilik-politikasi\/\"]}]},{\"@type\":\"BreadcrumbList\",\"@id\":\"https:\/\/ertlifetinyhouse.com\/en\/kisisel-verilerin-korunmasi-ve-gizlilik-politikasi\/#breadcrumb\",\"itemListElement\":[{\"@type\":\"ListItem\",\"position\":1,\"name\":\"Anasayfa\",\"item\":\"https:\/\/ertlifetinyhouse.com\/\"},{\"@type\":\"ListItem\",\"position\":2,\"name\":\"Personal Data Protection and Privacy Policy\"}]},{\"@type\":\"WebSite\",\"@id\":\"https:\/\/ertlifetinyhouse.com\/#website\",\"url\":\"https:\/\/ertlifetinyhouse.com\/\",\"name\":\"Ert Life Tiny House \u0130malat\",\"description\":\"Tiny House K\u00fc\u00e7\u00fck Ev \u0130malat Sat\u0131\u015f\",\"publisher\":{\"@id\":\"https:\/\/ertlifetinyhouse.com\/#organization\"},\"potentialAction\":[{\"@type\":\"SearchAction\",\"target\":{\"@type\":\"EntryPoint\",\"urlTemplate\":\"https:\/\/ertlifetinyhouse.com\/?s={search_term_string}\"},\"query-input\":{\"@type\":\"PropertyValueSpecification\",\"valueRequired\":true,\"valueName\":\"search_term_string\"}}],\"inLanguage\":\"en-US\"},{\"@type\":\"Organization\",\"@id\":\"https:\/\/ertlifetinyhouse.com\/#organization\",\"name\":\"Ert Life Tiny House \u0130malat\",\"url\":\"https:\/\/ertlifetinyhouse.com\/\",\"logo\":{\"@type\":\"ImageObject\",\"inLanguage\":\"en-US\",\"@id\":\"https:\/\/ertlifetinyhouse.com\/#\/schema\/logo\/image\/\",\"url\":\"https:\/\/ertlifetinyhouse.com\/wp-content\/uploads\/2023\/09\/ert-life-tiny-house-logo.png\",\"contentUrl\":\"https:\/\/ertlifetinyhouse.com\/wp-content\/uploads\/2023\/09\/ert-life-tiny-house-logo.png\",\"width\":211,\"height\":51,\"caption\":\"Ert Life Tiny House \u0130malat\"},\"image\":{\"@id\":\"https:\/\/ertlifetinyhouse.com\/#\/schema\/logo\/image\/\"},\"sameAs\":[\"https:\/\/www.instagram.com\/ertlifetinyhouse\/\"]}]}<\/script>\n<!-- \/ Yoast SEO plugin. -->","yoast_head_json":{"title":"Personal Data Protection and Privacy Policy - Ert Life Tiny House \u0130malat","robots":{"index":"index","follow":"follow","max-snippet":"max-snippet:-1","max-image-preview":"max-image-preview:large","max-video-preview":"max-video-preview:-1"},"canonical":"https:\/\/ertlifetinyhouse.com\/en\/kisisel-verilerin-korunmasi-ve-gizlilik-politikasi\/","og_locale":"en_US","og_type":"article","og_title":"[:tr]Ki\u015fisel Verilerin Korunmas\u0131 ve Gizlilik Politikas\u0131[:en]Personal Data Protection and Privacy Policy[:] - Ert Life Tiny House \u0130malat","og_description":"Personal Data Protection and Privacy Policy Entrance Protection of Personal Data and Data Security is an issue that &#8220;Ert Life Mimarl\u0131k ve Tasar\u0131m san.tic.ltd.\u015fti&#8221; (Ert Life Tiny House) attaches importance to, and in this context, Ert Life Tiny House protects the protection of &#8220;Users&#8221; and other persons. personal data, T.R. It protects it carefully within [&hellip;]","og_url":"https:\/\/ertlifetinyhouse.com\/en\/kisisel-verilerin-korunmasi-ve-gizlilik-politikasi\/","og_site_name":"Ert Life Tiny House \u0130malat","article_modified_time":"2024-02-15T11:27:48+00:00","twitter_card":"summary_large_image","twitter_misc":{"Est. reading time":"5 minutes"},"schema":{"@context":"https:\/\/schema.org","@graph":[{"@type":"WebPage","@id":"https:\/\/ertlifetinyhouse.com\/en\/kisisel-verilerin-korunmasi-ve-gizlilik-politikasi\/","url":"https:\/\/ertlifetinyhouse.com\/en\/kisisel-verilerin-korunmasi-ve-gizlilik-politikasi\/","name":"[:tr]Ki\u015fisel Verilerin Korunmas\u0131 ve Gizlilik Politikas\u0131[:en]Personal Data Protection and Privacy Policy[:] - Ert Life Tiny House \u0130malat","isPartOf":{"@id":"https:\/\/ertlifetinyhouse.com\/#website"},"datePublished":"2023-09-10T22:42:18+00:00","dateModified":"2024-02-15T11:27:48+00:00","breadcrumb":{"@id":"https:\/\/ertlifetinyhouse.com\/en\/kisisel-verilerin-korunmasi-ve-gizlilik-politikasi\/#breadcrumb"},"inLanguage":"en-US","potentialAction":[{"@type":"ReadAction","target":["https:\/\/ertlifetinyhouse.com\/en\/kisisel-verilerin-korunmasi-ve-gizlilik-politikasi\/"]}]},{"@type":"BreadcrumbList","@id":"https:\/\/ertlifetinyhouse.com\/en\/kisisel-verilerin-korunmasi-ve-gizlilik-politikasi\/#breadcrumb","itemListElement":[{"@type":"ListItem","position":1,"name":"Anasayfa","item":"https:\/\/ertlifetinyhouse.com\/"},{"@type":"ListItem","position":2,"name":"Personal Data Protection and Privacy Policy"}]},{"@type":"WebSite","@id":"https:\/\/ertlifetinyhouse.com\/#website","url":"https:\/\/ertlifetinyhouse.com\/","name":"Ert Life Tiny House \u0130malat","description":"Tiny House K\u00fc\u00e7\u00fck Ev \u0130malat Sat\u0131\u015f","publisher":{"@id":"https:\/\/ertlifetinyhouse.com\/#organization"},"potentialAction":[{"@type":"SearchAction","target":{"@type":"EntryPoint","urlTemplate":"https:\/\/ertlifetinyhouse.com\/?s={search_term_string}"},"query-input":{"@type":"PropertyValueSpecification","valueRequired":true,"valueName":"search_term_string"}}],"inLanguage":"en-US"},{"@type":"Organization","@id":"https:\/\/ertlifetinyhouse.com\/#organization","name":"Ert Life Tiny House \u0130malat","url":"https:\/\/ertlifetinyhouse.com\/","logo":{"@type":"ImageObject","inLanguage":"en-US","@id":"https:\/\/ertlifetinyhouse.com\/#\/schema\/logo\/image\/","url":"https:\/\/ertlifetinyhouse.com\/wp-content\/uploads\/2023\/09\/ert-life-tiny-house-logo.png","contentUrl":"https:\/\/ertlifetinyhouse.com\/wp-content\/uploads\/2023\/09\/ert-life-tiny-house-logo.png","width":211,"height":51,"caption":"Ert Life Tiny House \u0130malat"},"image":{"@id":"https:\/\/ertlifetinyhouse.com\/#\/schema\/logo\/image\/"},"sameAs":["https:\/\/www.instagram.com\/ertlifetinyhouse\/"]}]}},"_links":{"self":[{"href":"https:\/\/ertlifetinyhouse.com\/en\/wp-json\/wp\/v2\/pages\/1666","targetHints":{"allow":["GET"]}}],"collection":[{"href":"https:\/\/ertlifetinyhouse.com\/en\/wp-json\/wp\/v2\/pages"}],"about":[{"href":"https:\/\/ertlifetinyhouse.com\/en\/wp-json\/wp\/v2\/types\/page"}],"author":[{"embeddable":true,"href":"https:\/\/ertlifetinyhouse.com\/en\/wp-json\/wp\/v2\/users\/1"}],"replies":[{"embeddable":true,"href":"https:\/\/ertlifetinyhouse.com\/en\/wp-json\/wp\/v2\/comments?post=1666"}],"version-history":[{"count":2,"href":"https:\/\/ertlifetinyhouse.com\/en\/wp-json\/wp\/v2\/pages\/1666\/revisions"}],"predecessor-version":[{"id":1792,"href":"https:\/\/ertlifetinyhouse.com\/en\/wp-json\/wp\/v2\/pages\/1666\/revisions\/1792"}],"wp:attachment":[{"href":"https:\/\/ertlifetinyhouse.com\/en\/wp-json\/wp\/v2\/media?parent=1666"}],"curies":[{"name":"wp","href":"https:\/\/api.w.org\/{rel}","templated":true}]}}