{"id":1668,"date":"2023-09-10T22:43:05","date_gmt":"2023-09-10T22:43:05","guid":{"rendered":"https:\/\/ertlifetinyhouse.com\/?page_id=1668"},"modified":"2024-02-15T11:33:40","modified_gmt":"2024-02-15T11:33:40","slug":"veri-ihlali-bildirim-formu","status":"publish","type":"page","link":"https:\/\/ertlifetinyhouse.com\/en\/veri-ihlali-bildirim-formu\/","title":{"rendered":"Veri \u0130hlali Bildirim Formu"},"content":{"rendered":"<p><span style=\"color: #000000;\">PERSONAL DATA APPLICATION FORM<\/span><\/p>\n<p><span style=\"color: #000000;\">GENERAL DESCRIPTIONS<\/span><\/p>\n<p><span style=\"color: #000000;\">Personal data owners who are defined as relevant persons in the Personal Data Protection Law No. 6698 (&#8220;KVK Law&#8221;) (&#8220;Applicant&#8221; hereinafter) are given the right to make certain requests regarding the processing of their personal data in Article 11 of the KVK Law. .<\/span><\/p>\n<p><span style=\"color: #000000;\">In accordance with the first paragraph of Article 13 of the KVK Law; Applications regarding these rights to be made by the Applicant to our Company, which is the data controller, must be submitted to us in writing or by other methods determined by the Personal Data Protection Board (&#8220;Board&#8221;).<\/span><\/p>\n<p><span style=\"color: #000000;\">In this context, applications to be made to our Company in &#8220;written&#8221; form, by printing this form;<\/span><\/p>\n<p><span style=\"color: #000000;\">With the Applicant&#8217;s personal application,<\/span><br \/>\n<span style=\"color: #000000;\">through a notary,<\/span><br \/>\n<span style=\"color: #000000;\">The &#8220;secure signature&#8221; defined by the Applicant in the Electronic Signature Law No. 5070<\/span><\/p>\n<p><span style=\"color: #000000;\">by signing with an &#8220;electronic signature&#8221; and sending it to the Company&#8217;s registered e-mail address,<\/span><\/p>\n<p><span style=\"color: #000000;\">may be forwarded to us.<\/span><\/p>\n<p><span style=\"color: #000000;\">Application Method Address to be Submitted Information to be Specified in Application Submission<\/span><br \/>\n<span style=\"color: #000000;\">Personal Application (The applicant comes in person and applies with a document proving his\/her identity) The address of the Data Controller Institution is here.<\/span><\/p>\n<p><span style=\"color: #000000;\">&#8220;Protection of Personal Data&#8221; on the envelope<\/span><\/p>\n<p><span style=\"color: #000000;\">&#8220;Information Request Within the Scope of the Law&#8221; will be written.<\/span><\/p>\n<p><span style=\"color: #000000;\">Registered Postal Mail The address of the Data Controller Institution is here.<\/span><\/p>\n<p><span style=\"color: #000000;\">&#8220;Protection of Personal Data&#8221; on the envelope<\/span><\/p>\n<p><span style=\"color: #000000;\">&#8220;Information Request Within the Scope of the Law&#8221; will be written.<\/span><\/p>\n<p><span style=\"color: #000000;\">Notification via Notary The address of the Data Controller Institution is here.<\/span><\/p>\n<p><span style=\"color: #000000;\">\u201cProtection of Personal Data\u201d should be included in the notification envelope.<\/span><\/p>\n<p><span style=\"color: #000000;\">&#8220;Information Request Within the Scope of the Law&#8221; will be written.<\/span><\/p>\n<p><span style=\"color: #000000;\">In addition, after the other methods determined by the Board are announced, our Company will announce how applications will be received through these methods.<\/span><\/p>\n<p><span style=\"color: #000000;\">Your applications submitted to us will be processed within thirty days from the date your request reaches us, depending on the nature of the request, in accordance with the 2nd paragraph of Article 13 of the KVK Law.<\/span><\/p>\n<p><span style=\"color: #000000;\">It will be answered in. Our answers are based on the provisions of Article 13 of the relevant KVK Law.<\/span><\/p>\n<p><span style=\"color: #000000;\">It will be delivered to you in writing or electronically as required.<\/span><\/p>\n<p><span style=\"color: #000000;\">(Your application will be finalized free of charge, but if the process requires an additional cost, the fee at the tariff determined by the Board may be charged.)<\/span><\/p>\n<ol>\n<li><span style=\"color: #000000;\">Applicant contact information:<\/span>\n<p><span style=\"color: #000000;\">Name:<\/span><\/p>\n<p><span style=\"color: #000000;\">Last name:<\/span><\/p>\n<p><span style=\"color: #000000;\">Turkish Identity Number:<\/span><\/p>\n<p><span style=\"color: #000000;\">Phone number<\/span><\/p>\n<p><span style=\"color: #000000;\">Email<\/span><\/p>\n<p><span style=\"color: #000000;\">Address:<\/span><\/p>\n<p>&nbsp;<\/p>\n<p><span style=\"color: #000000;\">The Applicant&#8217;s relationship with our company:<\/span><br \/>\n<span style=\"color: #000000;\">o Customer o Business partner o Visitor<\/span><\/p>\n<p><span style=\"color: #000000;\">o\u00a0\u00a0 Other\u2026\u2026\u2026\u2026\u2026\u2026\u2026\u2026\u2026\u2026\u2026\u2026\u2026\u2026\u2026\u2026\u2026\u2026\u2026\u2026\u2026\u2026\u2026\u2026\u2026\u2026\u2026\u2026\u2026\u2026\u2026\u2026\u2026\u2026\u2026\u2026\u2026\u2026\u2026\u2026\u2026\u2026\u2026\u2026\u2026\u2026\u2026\u2026 \u2026\u2026\u2026\u2026\u2026\u2026\u2026\u2026<\/span><\/p>\n<p>&nbsp;<\/p>\n<p><span style=\"color: #000000;\">o\u00a0\u00a0 My Former Employee<\/span><\/p>\n<p><span style=\"color: #000000;\">o\u00a0\u00a0 I shared a Job Application\/Resume o\u00a0\u00a0 I am an employee of a third party company<\/span><br \/>\n<span style=\"color: #000000;\">The unit you are in contact with within our company:<\/span><\/p>\n<p><span style=\"color: #000000;\">Years I worked (For former employees):<\/span><\/p>\n<p><span style=\"color: #000000;\">The company and position I work for (For third party company employees):<\/span><\/p>\n<p><span style=\"color: #000000;\">Subject<\/span><\/li>\n<li><span style=\"color: #000000;\">Please specify your request within the scope of the KVK Law in detail:<\/span>\n<p><span style=\"color: #000000;\">Request No.<\/span><\/p>\n<p><span style=\"color: #000000;\">Demand<\/span><\/p>\n<p><span style=\"color: #000000;\">Legal Basis<\/span><\/p>\n<p><span style=\"color: #000000;\">Your choice<\/span><\/p>\n<p>&nbsp;<\/p>\n<p><span style=\"color: #000000;\">one<\/span><\/p>\n<p><span style=\"color: #000000;\">I want to know whether your company processes personal data about me<\/span><\/p>\n<p><span style=\"color: #000000;\">Personal Data<\/span><\/p>\n<p><span style=\"color: #000000;\">Protection Law Article 11\/1 (a)<\/span><\/p>\n<p><span style=\"color: #000000;\">2<\/span><\/p>\n<p><span style=\"color: #000000;\">If your company processes Personal Data about me, I request information about these data processing activities.<\/span><\/p>\n<p><span style=\"color: #000000;\">Personal Data<\/span><\/p>\n<p><span style=\"color: #000000;\">Protection Law Article 11\/1 (b)<\/span><\/p>\n<p><span style=\"color: #000000;\">3<\/span><\/p>\n<p><span style=\"color: #000000;\">If your company processes Personal Data about me, I would like to know the purpose of processing it and whether it is used in accordance with this purpose.<\/span><\/p>\n<p><span style=\"color: #000000;\">Personal Data<\/span><\/p>\n<p><span style=\"color: #000000;\">Protection Law Article 11\/1 (c)<\/span><\/p>\n<p><span style=\"color: #000000;\">4<\/span><\/p>\n<p><span style=\"color: #000000;\">If my Personal Data is transferred to third parties at home or abroad, I want to know these third parties.<\/span><\/p>\n<p><span style=\"color: #000000;\">Personal Data<\/span><\/p>\n<p><span style=\"color: #000000;\">Protection Law Article 11\/1 (d)<\/span><\/li>\n<li><span style=\"color: #000000;\">5<\/span>\n<p><span style=\"color: #000000;\">I think my Personal Data has been processed incompletely or incorrectly and I want it to be corrected.<\/span><\/p>\n<p><span style=\"color: #000000;\">Personal Data<\/span><\/p>\n<p><span style=\"color: #000000;\">Protection Law Article 11\/1 (d)<\/span><\/p>\n<p><span style=\"color: #000000;\">6<\/span><\/p>\n<p>&nbsp;<\/p>\n<p><span style=\"color: #000000;\">My Personal Data is processed in accordance with the law and other relevant legal provisions.<\/span><\/p>\n<p><span style=\"color: #000000;\">However, I think that the reasons requiring processing have disappeared and within this framework, I request that my personal data be deleted or destroyed.<\/span><\/p>\n<p>&nbsp;<\/p>\n<p><span style=\"color: #000000;\">Personal Data<\/span><\/p>\n<p><span style=\"color: #000000;\">Protection Law Article 11\/1 (e)<\/span><\/p>\n<p><span style=\"color: #000000;\">7<\/span><\/p>\n<p><span style=\"color: #000000;\">I would like my Personal Data, which I think has been processed incompletely or incorrectly, to be corrected by the third parties to whom it has been transferred.<\/span><\/p>\n<p><span style=\"color: #000000;\">Personal Data<\/span><\/p>\n<p><span style=\"color: #000000;\">Protection Law Article 11\/1 (f)<\/span><\/p>\n<p><span style=\"color: #000000;\">8<\/span><\/p>\n<p>&nbsp;<\/p>\n<p><span style=\"color: #000000;\">My Personal Data is processed in accordance with the law and other relevant legal provisions.<\/span><\/p>\n<p><span style=\"color: #000000;\">However, I think that the reasons requiring processing have disappeared and in this context, I request that my personal data be deleted or destroyed by third parties.<\/span><\/p>\n<p><span style=\"color: #000000;\">Personal Data<\/span><\/p>\n<p><span style=\"color: #000000;\">Protection Law Article 11\/1 (f)<\/span><\/p>\n<p><span style=\"color: #000000;\">9<\/span><\/p>\n<p>&nbsp;<\/p>\n<p><span style=\"color: #000000;\">My Personal Data processed by your company is analyzed exclusively through Automatic Systems and as a result of this analysis, I<\/span><\/p>\n<p><span style=\"color: #000000;\">I think there is a result. I dispute this conclusion.<\/span><\/p>\n<p>&nbsp;<\/p>\n<p><span style=\"color: #000000;\">Personal Data<\/span><\/p>\n<p><span style=\"color: #000000;\">Protection Law Article 11\/1 (g)<\/span><\/p>\n<p><span style=\"color: #000000;\">10<\/span><\/p>\n<p><span style=\"color: #000000;\">I suffered damage due to the unlawful processing of my Personal Data. I demand compensation for this damage.<\/span><\/p>\n<p><span style=\"color: #000000;\">Personal Data<\/span><\/p>\n<p><span style=\"color: #000000;\">Protection Law Article 11\/1 (h)<\/span><\/p>\n<p><span style=\"color: #000000;\">11th<\/span><\/p>\n<p><span style=\"color: #000000;\">Other Specify:<\/span><\/p>\n<p><span style=\"color: #000000;\">Please choose the method by which you will be notified of our response to your application:<\/span><\/p>\n<p><span style=\"color: #000000;\">I want it sent to my address. he<\/span><br \/>\n<span style=\"color: #000000;\">I want it to be sent to my e-mail address. he<\/span><br \/>\n<span style=\"color: #000000;\">I want to receive it by hand. he<\/span><\/p>\n<p><span style=\"color: #000000;\">Note: (We will be able to respond to you faster if you choose the e-mail method.)(In case of receipt by proxy, a notarized power of attorney or authorization document is required.)<\/span><\/p>\n<p><span style=\"color: #000000;\">This application form determines your relationship with our Company and, if any,<\/span><\/p>\n<p><span style=\"color: #000000;\">It has been prepared to fully identify your personal data processed by and respond to your application accurately and within the legal period. Illegal and unfair<\/span><\/p>\n<p><span style=\"color: #000000;\">to eliminate legal risks that may arise from data sharing and<\/span><\/p>\n<p><span style=\"color: #000000;\">Our Company reserves the right to request additional documents and information (copy of identity card or driver&#8217;s license, etc.) for identification and authorization determination, especially in order to ensure the security of your personal data. Regarding the requests you submit within the scope of the form<\/span><\/p>\n<p><span style=\"color: #000000;\">If the information is not accurate and up to date or an unauthorized application is made<\/span><\/p>\n<p><span style=\"color: #000000;\">Our company does not accept liability for requests arising from such incorrect information or unauthorized applications.In line with the requests I have stated above, I kindly request that my application to your Company be evaluated in accordance with Article 13 of the Law and that I be informed.<\/span><\/p>\n<p><span style=\"color: #000000;\">I declare and undertake that the documents and information I have provided to you in this application are correct, up-to-date and belong to me.<\/span><\/p>\n<p><span style=\"color: #000000;\">The information and documents I have provided in this application form are included in my application pursuant to Article 13 of the Personal Data Protection Law No. 6698.<\/span><\/p>\n<p><span style=\"color: #000000;\">I consent to the processing by your Company limited to the purposes of evaluating, responding to, delivering my application, and determining my identity and address.<\/span><\/p>\n<p><span style=\"color: #000000;\">Applicant (Personal Data Owner) Name and Surname:<\/span><\/p>\n<p><span style=\"color: #000000;\">Signature:<\/span><\/p>\n<p><span style=\"color: #000000;\">Application date :<\/span><\/p>\n<p><span style=\"color: #000000;\">Signature :<\/span><\/li>\n<\/ol>\n","protected":false},"excerpt":{"rendered":"<p>PERSONAL DATA APPLICATION FORM GENERAL DESCRIPTIONS Personal data owners who are defined as relevant persons in the Personal Data Protection Law No. 6698 (&#8220;KVK Law&#8221;) (&#8220;Applicant&#8221; hereinafter) are given the right to make certain requests regarding the processing of their personal data in Article 11 of the KVK Law. . In accordance with the first [&hellip;]<\/p>\n","protected":false},"author":1,"featured_media":0,"parent":0,"menu_order":0,"comment_status":"closed","ping_status":"closed","template":"","meta":{"footnotes":""},"class_list":["post-1668","page","type-page","status-publish","hentry"],"yoast_head":"<!-- This site is optimized with the Yoast SEO plugin v26.4 - https:\/\/yoast.com\/wordpress\/plugins\/seo\/ -->\n<title>Veri \u0130hlali Bildirim Formu - Ert Life Tiny House \u0130malat<\/title>\n<meta name=\"robots\" content=\"index, follow, max-snippet:-1, max-image-preview:large, max-video-preview:-1\" \/>\n<link rel=\"canonical\" href=\"https:\/\/ertlifetinyhouse.com\/en\/veri-ihlali-bildirim-formu\/\" \/>\n<meta property=\"og:locale\" content=\"en_US\" \/>\n<meta property=\"og:type\" content=\"article\" \/>\n<meta property=\"og:title\" content=\"Veri \u0130hlali Bildirim Formu\" \/>\n<meta property=\"og:description\" content=\"PERSONAL DATA APPLICATION FORM GENERAL DESCRIPTIONS Personal data owners who are defined as relevant persons in the Personal Data Protection Law No. 6698 (&#8220;KVK Law&#8221;) (&#8220;Applicant&#8221; hereinafter) are given the right to make certain requests regarding the processing of their personal data in Article 11 of the KVK Law. . In accordance with the first [&hellip;]\" \/>\n<meta property=\"og:url\" content=\"https:\/\/ertlifetinyhouse.com\/en\/veri-ihlali-bildirim-formu\/\" \/>\n<meta property=\"og:site_name\" content=\"Ert Life Tiny House \u0130malat\" \/>\n<meta property=\"article:modified_time\" content=\"2024-02-15T11:33:40+00:00\" \/>\n<meta name=\"twitter:card\" content=\"summary_large_image\" \/>\n<meta name=\"twitter:label1\" content=\"Est. reading time\" \/>\n\t<meta name=\"twitter:data1\" content=\"7 minutes\" \/>\n<script type=\"application\/ld+json\" class=\"yoast-schema-graph\">{\"@context\":\"https:\/\/schema.org\",\"@graph\":[{\"@type\":\"WebPage\",\"@id\":\"https:\/\/ertlifetinyhouse.com\/en\/veri-ihlali-bildirim-formu\/\",\"url\":\"https:\/\/ertlifetinyhouse.com\/en\/veri-ihlali-bildirim-formu\/\",\"name\":\"[:tr]Veri \u0130hlali Bildirim Formu[:en]Veri \u0130hlali Bildirim Formu[:] - Ert Life Tiny House \u0130malat\",\"isPartOf\":{\"@id\":\"https:\/\/ertlifetinyhouse.com\/#website\"},\"datePublished\":\"2023-09-10T22:43:05+00:00\",\"dateModified\":\"2024-02-15T11:33:40+00:00\",\"breadcrumb\":{\"@id\":\"https:\/\/ertlifetinyhouse.com\/en\/veri-ihlali-bildirim-formu\/#breadcrumb\"},\"inLanguage\":\"en-US\",\"potentialAction\":[{\"@type\":\"ReadAction\",\"target\":[\"https:\/\/ertlifetinyhouse.com\/en\/veri-ihlali-bildirim-formu\/\"]}]},{\"@type\":\"BreadcrumbList\",\"@id\":\"https:\/\/ertlifetinyhouse.com\/en\/veri-ihlali-bildirim-formu\/#breadcrumb\",\"itemListElement\":[{\"@type\":\"ListItem\",\"position\":1,\"name\":\"Anasayfa\",\"item\":\"https:\/\/ertlifetinyhouse.com\/\"},{\"@type\":\"ListItem\",\"position\":2,\"name\":\"Veri \u0130hlali Bildirim Formu\"}]},{\"@type\":\"WebSite\",\"@id\":\"https:\/\/ertlifetinyhouse.com\/#website\",\"url\":\"https:\/\/ertlifetinyhouse.com\/\",\"name\":\"Ert Life Tiny House \u0130malat\",\"description\":\"Tiny House K\u00fc\u00e7\u00fck Ev \u0130malat Sat\u0131\u015f\",\"publisher\":{\"@id\":\"https:\/\/ertlifetinyhouse.com\/#organization\"},\"potentialAction\":[{\"@type\":\"SearchAction\",\"target\":{\"@type\":\"EntryPoint\",\"urlTemplate\":\"https:\/\/ertlifetinyhouse.com\/?s={search_term_string}\"},\"query-input\":{\"@type\":\"PropertyValueSpecification\",\"valueRequired\":true,\"valueName\":\"search_term_string\"}}],\"inLanguage\":\"en-US\"},{\"@type\":\"Organization\",\"@id\":\"https:\/\/ertlifetinyhouse.com\/#organization\",\"name\":\"Ert Life Tiny House \u0130malat\",\"url\":\"https:\/\/ertlifetinyhouse.com\/\",\"logo\":{\"@type\":\"ImageObject\",\"inLanguage\":\"en-US\",\"@id\":\"https:\/\/ertlifetinyhouse.com\/#\/schema\/logo\/image\/\",\"url\":\"https:\/\/ertlifetinyhouse.com\/wp-content\/uploads\/2023\/09\/ert-life-tiny-house-logo.png\",\"contentUrl\":\"https:\/\/ertlifetinyhouse.com\/wp-content\/uploads\/2023\/09\/ert-life-tiny-house-logo.png\",\"width\":211,\"height\":51,\"caption\":\"Ert Life Tiny House \u0130malat\"},\"image\":{\"@id\":\"https:\/\/ertlifetinyhouse.com\/#\/schema\/logo\/image\/\"},\"sameAs\":[\"https:\/\/www.instagram.com\/ertlifetinyhouse\/\"]}]}<\/script>\n<!-- \/ Yoast SEO plugin. -->","yoast_head_json":{"title":"Veri \u0130hlali Bildirim Formu - Ert Life Tiny House \u0130malat","robots":{"index":"index","follow":"follow","max-snippet":"max-snippet:-1","max-image-preview":"max-image-preview:large","max-video-preview":"max-video-preview:-1"},"canonical":"https:\/\/ertlifetinyhouse.com\/en\/veri-ihlali-bildirim-formu\/","og_locale":"en_US","og_type":"article","og_title":"[:tr]Veri \u0130hlali Bildirim Formu[:en]Veri \u0130hlali Bildirim Formu[:] - Ert Life Tiny House \u0130malat","og_description":"PERSONAL DATA APPLICATION FORM GENERAL DESCRIPTIONS Personal data owners who are defined as relevant persons in the Personal Data Protection Law No. 6698 (&#8220;KVK Law&#8221;) (&#8220;Applicant&#8221; hereinafter) are given the right to make certain requests regarding the processing of their personal data in Article 11 of the KVK Law. . In accordance with the first [&hellip;]","og_url":"https:\/\/ertlifetinyhouse.com\/en\/veri-ihlali-bildirim-formu\/","og_site_name":"Ert Life Tiny House \u0130malat","article_modified_time":"2024-02-15T11:33:40+00:00","twitter_card":"summary_large_image","twitter_misc":{"Est. reading time":"7 minutes"},"schema":{"@context":"https:\/\/schema.org","@graph":[{"@type":"WebPage","@id":"https:\/\/ertlifetinyhouse.com\/en\/veri-ihlali-bildirim-formu\/","url":"https:\/\/ertlifetinyhouse.com\/en\/veri-ihlali-bildirim-formu\/","name":"[:tr]Veri \u0130hlali Bildirim Formu[:en]Veri \u0130hlali Bildirim Formu[:] - Ert Life Tiny House \u0130malat","isPartOf":{"@id":"https:\/\/ertlifetinyhouse.com\/#website"},"datePublished":"2023-09-10T22:43:05+00:00","dateModified":"2024-02-15T11:33:40+00:00","breadcrumb":{"@id":"https:\/\/ertlifetinyhouse.com\/en\/veri-ihlali-bildirim-formu\/#breadcrumb"},"inLanguage":"en-US","potentialAction":[{"@type":"ReadAction","target":["https:\/\/ertlifetinyhouse.com\/en\/veri-ihlali-bildirim-formu\/"]}]},{"@type":"BreadcrumbList","@id":"https:\/\/ertlifetinyhouse.com\/en\/veri-ihlali-bildirim-formu\/#breadcrumb","itemListElement":[{"@type":"ListItem","position":1,"name":"Anasayfa","item":"https:\/\/ertlifetinyhouse.com\/"},{"@type":"ListItem","position":2,"name":"Veri \u0130hlali Bildirim Formu"}]},{"@type":"WebSite","@id":"https:\/\/ertlifetinyhouse.com\/#website","url":"https:\/\/ertlifetinyhouse.com\/","name":"Ert Life Tiny House \u0130malat","description":"Tiny House K\u00fc\u00e7\u00fck Ev \u0130malat Sat\u0131\u015f","publisher":{"@id":"https:\/\/ertlifetinyhouse.com\/#organization"},"potentialAction":[{"@type":"SearchAction","target":{"@type":"EntryPoint","urlTemplate":"https:\/\/ertlifetinyhouse.com\/?s={search_term_string}"},"query-input":{"@type":"PropertyValueSpecification","valueRequired":true,"valueName":"search_term_string"}}],"inLanguage":"en-US"},{"@type":"Organization","@id":"https:\/\/ertlifetinyhouse.com\/#organization","name":"Ert Life Tiny House \u0130malat","url":"https:\/\/ertlifetinyhouse.com\/","logo":{"@type":"ImageObject","inLanguage":"en-US","@id":"https:\/\/ertlifetinyhouse.com\/#\/schema\/logo\/image\/","url":"https:\/\/ertlifetinyhouse.com\/wp-content\/uploads\/2023\/09\/ert-life-tiny-house-logo.png","contentUrl":"https:\/\/ertlifetinyhouse.com\/wp-content\/uploads\/2023\/09\/ert-life-tiny-house-logo.png","width":211,"height":51,"caption":"Ert Life Tiny House \u0130malat"},"image":{"@id":"https:\/\/ertlifetinyhouse.com\/#\/schema\/logo\/image\/"},"sameAs":["https:\/\/www.instagram.com\/ertlifetinyhouse\/"]}]}},"_links":{"self":[{"href":"https:\/\/ertlifetinyhouse.com\/en\/wp-json\/wp\/v2\/pages\/1668","targetHints":{"allow":["GET"]}}],"collection":[{"href":"https:\/\/ertlifetinyhouse.com\/en\/wp-json\/wp\/v2\/pages"}],"about":[{"href":"https:\/\/ertlifetinyhouse.com\/en\/wp-json\/wp\/v2\/types\/page"}],"author":[{"embeddable":true,"href":"https:\/\/ertlifetinyhouse.com\/en\/wp-json\/wp\/v2\/users\/1"}],"replies":[{"embeddable":true,"href":"https:\/\/ertlifetinyhouse.com\/en\/wp-json\/wp\/v2\/comments?post=1668"}],"version-history":[{"count":4,"href":"https:\/\/ertlifetinyhouse.com\/en\/wp-json\/wp\/v2\/pages\/1668\/revisions"}],"predecessor-version":[{"id":1796,"href":"https:\/\/ertlifetinyhouse.com\/en\/wp-json\/wp\/v2\/pages\/1668\/revisions\/1796"}],"wp:attachment":[{"href":"https:\/\/ertlifetinyhouse.com\/en\/wp-json\/wp\/v2\/media?parent=1668"}],"curies":[{"name":"wp","href":"https:\/\/api.w.org\/{rel}","templated":true}]}}