{"id":1851,"date":"2024-09-04T17:12:52","date_gmt":"2024-09-04T17:12:52","guid":{"rendered":"https:\/\/ertlifetinyhouse.com\/?page_id=1851"},"modified":"2024-09-04T17:16:41","modified_gmt":"2024-09-04T17:16:41","slug":"kullanim-kilavuzu","status":"publish","type":"page","link":"https:\/\/ertlifetinyhouse.com\/en\/kullanim-kilavuzu\/","title":{"rendered":"KULLANIM KILAVUZU"},"content":{"rendered":"<section class=\"wpb-content-wrapper\"><p>[vc_row][vc_column][vc_column_text]<span style=\"color: #000000;\"><strong><a style=\"color: #000000;\" href=\"https:\/\/ertlifetinyhouse.com\/wp-content\/uploads\/2024\/09\/User-Manual-ERT-LIFE.pdf\" target=\"_blank\" rel=\"noopener\">Review or download user manual<\/a><\/strong><\/span>[\/vc_column_text][\/vc_column][\/vc_row]<\/p>\n<\/section>","protected":false},"excerpt":{"rendered":"<p>[vc_row][vc_column][vc_column_text]Review or download user manual[\/vc_column_text][\/vc_column][\/vc_row]<\/p>\n","protected":false},"author":1,"featured_media":0,"parent":0,"menu_order":0,"comment_status":"closed","ping_status":"closed","template":"","meta":{"footnotes":""},"class_list":["post-1851","page","type-page","status-publish","hentry"],"yoast_head":"<!-- This site is optimized with the Yoast SEO plugin v26.4 - https:\/\/yoast.com\/wordpress\/plugins\/seo\/ -->\n<title>KULLANIM KILAVUZU - Ert Life Tiny House \u0130malat<\/title>\n<meta name=\"robots\" content=\"index, follow, max-snippet:-1, max-image-preview:large, max-video-preview:-1\" \/>\n<link rel=\"canonical\" href=\"https:\/\/ertlifetinyhouse.com\/kullanim-kilavuzu\/\" \/>\n<meta property=\"og:locale\" content=\"en_US\" \/>\n<meta property=\"og:type\" content=\"article\" \/>\n<meta property=\"og:title\" content=\"KULLANIM KILAVUZU\" \/>\n<meta property=\"og:description\" content=\"[vc_row][vc_column][vc_column_text]Review or download user manual[\/vc_column_text][\/vc_column][\/vc_row]\" \/>\n<meta property=\"og:url\" content=\"https:\/\/ertlifetinyhouse.com\/kullanim-kilavuzu\/\" \/>\n<meta property=\"og:site_name\" content=\"Ert Life Tiny House \u0130malat\" \/>\n<meta property=\"article:modified_time\" content=\"2024-09-04T17:16:41+00:00\" \/>\n<meta name=\"twitter:card\" content=\"summary_large_image\" \/>\n<meta name=\"twitter:label1\" content=\"Est. reading time\" \/>\n\t<meta name=\"twitter:data1\" content=\"1 minute\" \/>\n<script type=\"application\/ld+json\" class=\"yoast-schema-graph\">{\"@context\":\"https:\/\/schema.org\",\"@graph\":[{\"@type\":\"WebPage\",\"@id\":\"https:\/\/ertlifetinyhouse.com\/kullanim-kilavuzu\/\",\"url\":\"https:\/\/ertlifetinyhouse.com\/kullanim-kilavuzu\/\",\"name\":\"[:tr]KULLANIM KILAVUZU[:en]KULLANIM KILAVUZU[:] - Ert Life Tiny House \u0130malat\",\"isPartOf\":{\"@id\":\"https:\/\/ertlifetinyhouse.com\/#website\"},\"datePublished\":\"2024-09-04T17:12:52+00:00\",\"dateModified\":\"2024-09-04T17:16:41+00:00\",\"breadcrumb\":{\"@id\":\"https:\/\/ertlifetinyhouse.com\/kullanim-kilavuzu\/#breadcrumb\"},\"inLanguage\":\"en-US\",\"potentialAction\":[{\"@type\":\"ReadAction\",\"target\":[\"https:\/\/ertlifetinyhouse.com\/kullanim-kilavuzu\/\"]}]},{\"@type\":\"BreadcrumbList\",\"@id\":\"https:\/\/ertlifetinyhouse.com\/kullanim-kilavuzu\/#breadcrumb\",\"itemListElement\":[{\"@type\":\"ListItem\",\"position\":1,\"name\":\"Anasayfa\",\"item\":\"https:\/\/ertlifetinyhouse.com\/\"},{\"@type\":\"ListItem\",\"position\":2,\"name\":\"KULLANIM KILAVUZU\"}]},{\"@type\":\"WebSite\",\"@id\":\"https:\/\/ertlifetinyhouse.com\/#website\",\"url\":\"https:\/\/ertlifetinyhouse.com\/\",\"name\":\"Ert Life Tiny House \u0130malat\",\"description\":\"Tiny House K\u00fc\u00e7\u00fck Ev \u0130malat Sat\u0131\u015f\",\"publisher\":{\"@id\":\"https:\/\/ertlifetinyhouse.com\/#organization\"},\"potentialAction\":[{\"@type\":\"SearchAction\",\"target\":{\"@type\":\"EntryPoint\",\"urlTemplate\":\"https:\/\/ertlifetinyhouse.com\/?s={search_term_string}\"},\"query-input\":{\"@type\":\"PropertyValueSpecification\",\"valueRequired\":true,\"valueName\":\"search_term_string\"}}],\"inLanguage\":\"en-US\"},{\"@type\":\"Organization\",\"@id\":\"https:\/\/ertlifetinyhouse.com\/#organization\",\"name\":\"Ert Life Tiny House \u0130malat\",\"url\":\"https:\/\/ertlifetinyhouse.com\/\",\"logo\":{\"@type\":\"ImageObject\",\"inLanguage\":\"en-US\",\"@id\":\"https:\/\/ertlifetinyhouse.com\/#\/schema\/logo\/image\/\",\"url\":\"https:\/\/ertlifetinyhouse.com\/wp-content\/uploads\/2023\/09\/ert-life-tiny-house-logo.png\",\"contentUrl\":\"https:\/\/ertlifetinyhouse.com\/wp-content\/uploads\/2023\/09\/ert-life-tiny-house-logo.png\",\"width\":211,\"height\":51,\"caption\":\"Ert Life Tiny House \u0130malat\"},\"image\":{\"@id\":\"https:\/\/ertlifetinyhouse.com\/#\/schema\/logo\/image\/\"},\"sameAs\":[\"https:\/\/www.instagram.com\/ertlifetinyhouse\/\"]}]}<\/script>\n<!-- \/ Yoast SEO plugin. -->","yoast_head_json":{"title":"KULLANIM KILAVUZU - Ert Life Tiny House \u0130malat","robots":{"index":"index","follow":"follow","max-snippet":"max-snippet:-1","max-image-preview":"max-image-preview:large","max-video-preview":"max-video-preview:-1"},"canonical":"https:\/\/ertlifetinyhouse.com\/kullanim-kilavuzu\/","og_locale":"en_US","og_type":"article","og_title":"[:tr]KULLANIM KILAVUZU[:en]KULLANIM KILAVUZU[:] - Ert Life Tiny House \u0130malat","og_description":"[vc_row][vc_column][vc_column_text]Review or download user manual[\/vc_column_text][\/vc_column][\/vc_row]","og_url":"https:\/\/ertlifetinyhouse.com\/kullanim-kilavuzu\/","og_site_name":"Ert Life Tiny House \u0130malat","article_modified_time":"2024-09-04T17:16:41+00:00","twitter_card":"summary_large_image","twitter_misc":{"Est. reading time":"1 minute"},"schema":{"@context":"https:\/\/schema.org","@graph":[{"@type":"WebPage","@id":"https:\/\/ertlifetinyhouse.com\/kullanim-kilavuzu\/","url":"https:\/\/ertlifetinyhouse.com\/kullanim-kilavuzu\/","name":"[:tr]KULLANIM KILAVUZU[:en]KULLANIM KILAVUZU[:] - Ert Life Tiny House \u0130malat","isPartOf":{"@id":"https:\/\/ertlifetinyhouse.com\/#website"},"datePublished":"2024-09-04T17:12:52+00:00","dateModified":"2024-09-04T17:16:41+00:00","breadcrumb":{"@id":"https:\/\/ertlifetinyhouse.com\/kullanim-kilavuzu\/#breadcrumb"},"inLanguage":"en-US","potentialAction":[{"@type":"ReadAction","target":["https:\/\/ertlifetinyhouse.com\/kullanim-kilavuzu\/"]}]},{"@type":"BreadcrumbList","@id":"https:\/\/ertlifetinyhouse.com\/kullanim-kilavuzu\/#breadcrumb","itemListElement":[{"@type":"ListItem","position":1,"name":"Anasayfa","item":"https:\/\/ertlifetinyhouse.com\/"},{"@type":"ListItem","position":2,"name":"KULLANIM KILAVUZU"}]},{"@type":"WebSite","@id":"https:\/\/ertlifetinyhouse.com\/#website","url":"https:\/\/ertlifetinyhouse.com\/","name":"Ert Life Tiny House \u0130malat","description":"Tiny House K\u00fc\u00e7\u00fck Ev \u0130malat Sat\u0131\u015f","publisher":{"@id":"https:\/\/ertlifetinyhouse.com\/#organization"},"potentialAction":[{"@type":"SearchAction","target":{"@type":"EntryPoint","urlTemplate":"https:\/\/ertlifetinyhouse.com\/?s={search_term_string}"},"query-input":{"@type":"PropertyValueSpecification","valueRequired":true,"valueName":"search_term_string"}}],"inLanguage":"en-US"},{"@type":"Organization","@id":"https:\/\/ertlifetinyhouse.com\/#organization","name":"Ert Life Tiny House \u0130malat","url":"https:\/\/ertlifetinyhouse.com\/","logo":{"@type":"ImageObject","inLanguage":"en-US","@id":"https:\/\/ertlifetinyhouse.com\/#\/schema\/logo\/image\/","url":"https:\/\/ertlifetinyhouse.com\/wp-content\/uploads\/2023\/09\/ert-life-tiny-house-logo.png","contentUrl":"https:\/\/ertlifetinyhouse.com\/wp-content\/uploads\/2023\/09\/ert-life-tiny-house-logo.png","width":211,"height":51,"caption":"Ert Life Tiny House \u0130malat"},"image":{"@id":"https:\/\/ertlifetinyhouse.com\/#\/schema\/logo\/image\/"},"sameAs":["https:\/\/www.instagram.com\/ertlifetinyhouse\/"]}]}},"_links":{"self":[{"href":"https:\/\/ertlifetinyhouse.com\/en\/wp-json\/wp\/v2\/pages\/1851","targetHints":{"allow":["GET"]}}],"collection":[{"href":"https:\/\/ertlifetinyhouse.com\/en\/wp-json\/wp\/v2\/pages"}],"about":[{"href":"https:\/\/ertlifetinyhouse.com\/en\/wp-json\/wp\/v2\/types\/page"}],"author":[{"embeddable":true,"href":"https:\/\/ertlifetinyhouse.com\/en\/wp-json\/wp\/v2\/users\/1"}],"replies":[{"embeddable":true,"href":"https:\/\/ertlifetinyhouse.com\/en\/wp-json\/wp\/v2\/comments?post=1851"}],"version-history":[{"count":7,"href":"https:\/\/ertlifetinyhouse.com\/en\/wp-json\/wp\/v2\/pages\/1851\/revisions"}],"predecessor-version":[{"id":1858,"href":"https:\/\/ertlifetinyhouse.com\/en\/wp-json\/wp\/v2\/pages\/1851\/revisions\/1858"}],"wp:attachment":[{"href":"https:\/\/ertlifetinyhouse.com\/en\/wp-json\/wp\/v2\/media?parent=1851"}],"curies":[{"name":"wp","href":"https:\/\/api.w.org\/{rel}","templated":true}]}}